{"id":343161,"date":"2022-01-21T12:10:00","date_gmt":"2022-01-21T10:10:00","guid":{"rendered":"https:\/\/games.tactic.net\/tuote\/vores-soede-smaa-dyrevenner-aktivitetsbog\/"},"modified":"2023-10-23T10:33:11","modified_gmt":"2023-10-23T07:33:11","slug":"vores-soede-smaa-dyrevenner-aktivitetsbog","status":"publish","type":"product","link":"https:\/\/games.tactic.net\/da\/tuote\/vores-soede-smaa-dyrevenner-aktivitetsbog\/","title":{"rendered":"Tactic Vores s\u00f8de sm\u00e5 dyrevenner aktivitetsbog"},"content":{"rendered":"<p>Hunde valper, kattunger, kaninunger &#8230; Alle de s\u00f8teste dyrene! Kos deg med denne legebogen p\u00e5 48 sider.<\/p>\n","protected":false},"excerpt":{"rendered":"<p>Hunde valper, kattunger, kaninunger &#8230; Alle de s\u00f8teste dyrene! Kos deg med denne legebogen p\u00e5 48 sider.<\/p>\n","protected":false},"featured_media":0,"template":"","meta":{"content-type":"","_monsterinsights_skip_tracking":false,"_monsterinsights_sitenote_active":false,"_monsterinsights_sitenote_note":"","_monsterinsights_sitenote_category":0},"product_brand":[],"product_cat":[1685],"product_tag":[],"brand":[],"target-group":[],"discontinued":[],"class_list":{"0":"post-343161","1":"product","2":"type-product","3":"status-publish","5":"product_cat-aktivitetsboeger","7":"first","8":"instock","9":"taxable","10":"shipping-taxable","11":"product-type-simple"},"aioseo_notices":[],"_links":{"self":[{"href":"https:\/\/games.tactic.net\/da\/wp-json\/wp\/v2\/product\/343161","targetHints":{"allow":["GET"]}}],"collection":[{"href":"https:\/\/games.tactic.net\/da\/wp-json\/wp\/v2\/product"}],"about":[{"href":"https:\/\/games.tactic.net\/da\/wp-json\/wp\/v2\/types\/product"}],"wp:attachment":[{"href":"https:\/\/games.tactic.net\/da\/wp-json\/wp\/v2\/media?parent=343161"}],"wp:term":[{"taxonomy":"product_brand","embeddable":true,"href":"https:\/\/games.tactic.net\/da\/wp-json\/wp\/v2\/product_brand?post=343161"},{"taxonomy":"product_cat","embeddable":true,"href":"https:\/\/games.tactic.net\/da\/wp-json\/wp\/v2\/product_cat?post=343161"},{"taxonomy":"product_tag","embeddable":true,"href":"https:\/\/games.tactic.net\/da\/wp-json\/wp\/v2\/product_tag?post=343161"},{"taxonomy":"brand","embeddable":true,"href":"https:\/\/games.tactic.net\/da\/wp-json\/wp\/v2\/brand?post=343161"},{"taxonomy":"target-group","embeddable":true,"href":"https:\/\/games.tactic.net\/da\/wp-json\/wp\/v2\/target-group?post=343161"},{"taxonomy":"discontinued","embeddable":true,"href":"https:\/\/games.tactic.net\/da\/wp-json\/wp\/v2\/discontinued?post=343161"}],"curies":[{"name":"wp","href":"https:\/\/api.w.org\/{rel}","templated":true}]}}