{"id":343118,"date":"2022-01-21T12:09:34","date_gmt":"2022-01-21T10:09:34","guid":{"rendered":"https:\/\/games.tactic.net\/tuote\/pragtfulde-dinosaurer-aktivitetsbog\/"},"modified":"2023-06-30T12:40:28","modified_gmt":"2023-06-30T09:40:28","slug":"pragtfulde-dinosaurer-aktivitetsbog","status":"archive","type":"product","link":"https:\/\/games.tactic.net\/da\/tuote\/pragtfulde-dinosaurer-aktivitetsbog\/","title":{"rendered":"Pragtfulde dinosaurer aktivitetsbog"},"content":{"rendered":"<p>Br\u00f8\u00f8\u00f8\u00f8l!<br \/>\nDinosaurerne er tilbage! T-Rex og de andre<br \/>\ndinosaurer udfordrer dig at l\u00f8se alle de seje opgaver.<\/p>\n","protected":false},"excerpt":{"rendered":"<p>Br\u00f8\u00f8\u00f8\u00f8l! Dinosaurerne er tilbage! T-Rex og de andre dinosaurer udfordrer dig at l\u00f8se alle de seje opgaver.<\/p>\n","protected":false},"featured_media":0,"template":"","meta":{"content-type":"","_monsterinsights_skip_tracking":false,"_monsterinsights_sitenote_active":false,"_monsterinsights_sitenote_note":"","_monsterinsights_sitenote_category":0},"product_brand":[],"product_cat":[1685],"product_tag":[],"brand":[],"target-group":[],"discontinued":[],"class_list":{"0":"post-343118","1":"product","2":"type-product","3":"status-archive","5":"product_cat-aktivitetsboeger","7":"first","8":"outofstock","9":"taxable","10":"shipping-taxable","11":"product-type-simple"},"aioseo_notices":[],"_links":{"self":[{"href":"https:\/\/games.tactic.net\/da\/wp-json\/wp\/v2\/product\/343118","targetHints":{"allow":["GET"]}}],"collection":[{"href":"https:\/\/games.tactic.net\/da\/wp-json\/wp\/v2\/product"}],"about":[{"href":"https:\/\/games.tactic.net\/da\/wp-json\/wp\/v2\/types\/product"}],"wp:attachment":[{"href":"https:\/\/games.tactic.net\/da\/wp-json\/wp\/v2\/media?parent=343118"}],"wp:term":[{"taxonomy":"product_brand","embeddable":true,"href":"https:\/\/games.tactic.net\/da\/wp-json\/wp\/v2\/product_brand?post=343118"},{"taxonomy":"product_cat","embeddable":true,"href":"https:\/\/games.tactic.net\/da\/wp-json\/wp\/v2\/product_cat?post=343118"},{"taxonomy":"product_tag","embeddable":true,"href":"https:\/\/games.tactic.net\/da\/wp-json\/wp\/v2\/product_tag?post=343118"},{"taxonomy":"brand","embeddable":true,"href":"https:\/\/games.tactic.net\/da\/wp-json\/wp\/v2\/brand?post=343118"},{"taxonomy":"target-group","embeddable":true,"href":"https:\/\/games.tactic.net\/da\/wp-json\/wp\/v2\/target-group?post=343118"},{"taxonomy":"discontinued","embeddable":true,"href":"https:\/\/games.tactic.net\/da\/wp-json\/wp\/v2\/discontinued?post=343118"}],"curies":[{"name":"wp","href":"https:\/\/api.w.org\/{rel}","templated":true}]}}