{"id":342990,"date":"2022-01-21T12:08:21","date_gmt":"2022-01-21T10:08:21","guid":{"rendered":"https:\/\/games.tactic.net\/tuote\/enhjoerninger-malebog\/"},"modified":"2023-10-23T10:30:25","modified_gmt":"2023-10-23T07:30:25","slug":"enhjoerninger-malebog","status":"publish","type":"product","link":"https:\/\/games.tactic.net\/da\/tuote\/enhjoerninger-malebog\/","title":{"rendered":"Tactic Enhj\u00f8rninger malebog"},"content":{"rendered":"<p>Tr\u00e6d ind i en fortryllende verden og lad den magiske charme fra disse legesyge enhj\u00f8rninger hj\u00e6lpe dig med at slippe din fantasi l\u00f8s! Bliv venner med disse v\u00e6sener, flyv frit p\u00e5 himlen og nyd det. Lad lykke skinne i de smukkeste farver.<\/p>\n","protected":false},"excerpt":{"rendered":"<p>Tr\u00e6d ind i en fortryllende verden og lad den magiske charme fra disse legesyge enhj\u00f8rninger hj\u00e6lpe dig med at slippe din fantasi l\u00f8s! Bliv venner med disse v\u00e6sener, flyv frit p\u00e5 himlen og nyd det. Lad lykke skinne i de smukkeste farver.<\/p>\n","protected":false},"featured_media":342976,"template":"","meta":{"content-type":"","_monsterinsights_skip_tracking":false,"_monsterinsights_sitenote_active":false,"_monsterinsights_sitenote_note":"","_monsterinsights_sitenote_category":0},"product_brand":[],"product_cat":[1648],"product_tag":[],"brand":[],"target-group":[],"discontinued":[],"class_list":{"0":"post-342990","1":"product","2":"type-product","3":"status-publish","4":"has-post-thumbnail","6":"product_cat-maleboeger","8":"first","9":"outofstock","10":"taxable","11":"shipping-taxable","12":"product-type-simple"},"aioseo_notices":[],"_links":{"self":[{"href":"https:\/\/games.tactic.net\/da\/wp-json\/wp\/v2\/product\/342990","targetHints":{"allow":["GET"]}}],"collection":[{"href":"https:\/\/games.tactic.net\/da\/wp-json\/wp\/v2\/product"}],"about":[{"href":"https:\/\/games.tactic.net\/da\/wp-json\/wp\/v2\/types\/product"}],"wp:featuredmedia":[{"embeddable":true,"href":"https:\/\/games.tactic.net\/da\/wp-json\/wp\/v2\/media\/342976"}],"wp:attachment":[{"href":"https:\/\/games.tactic.net\/da\/wp-json\/wp\/v2\/media?parent=342990"}],"wp:term":[{"taxonomy":"product_brand","embeddable":true,"href":"https:\/\/games.tactic.net\/da\/wp-json\/wp\/v2\/product_brand?post=342990"},{"taxonomy":"product_cat","embeddable":true,"href":"https:\/\/games.tactic.net\/da\/wp-json\/wp\/v2\/product_cat?post=342990"},{"taxonomy":"product_tag","embeddable":true,"href":"https:\/\/games.tactic.net\/da\/wp-json\/wp\/v2\/product_tag?post=342990"},{"taxonomy":"brand","embeddable":true,"href":"https:\/\/games.tactic.net\/da\/wp-json\/wp\/v2\/brand?post=342990"},{"taxonomy":"target-group","embeddable":true,"href":"https:\/\/games.tactic.net\/da\/wp-json\/wp\/v2\/target-group?post=342990"},{"taxonomy":"discontinued","embeddable":true,"href":"https:\/\/games.tactic.net\/da\/wp-json\/wp\/v2\/discontinued?post=342990"}],"curies":[{"name":"wp","href":"https:\/\/api.w.org\/{rel}","templated":true}]}}