{"id":342153,"date":"2022-01-21T10:58:21","date_gmt":"2022-01-21T08:58:21","guid":{"rendered":"https:\/\/games.tactic.net\/tuote\/lumo-stars-malebog\/"},"modified":"2023-09-27T11:36:52","modified_gmt":"2023-09-27T08:36:52","slug":"lumo-stars-malebog","status":"publish","type":"product","link":"https:\/\/games.tactic.net\/da\/tuote\/lumo-stars-malebog\/","title":{"rendered":"Lumo Stars malebog"},"content":{"rendered":"<p>Nordlige dyr lever i et land fyldt med bl\u00e6ndende lys og mystisk m\u00f8rke. Denne fortryllende farvebog tager dig p\u00e5 eventyr med de farverige dyr i nord. Kan du se sporene i sneen? Kom, lad os f\u00f8lge dem!<\/p>\n","protected":false},"excerpt":{"rendered":"<p>Nordlige dyr lever i et land fyldt med bl\u00e6ndende lys og mystisk m\u00f8rke. Denne fortryllende farvebog tager dig p\u00e5 eventyr med de farverige dyr i nord. Kan du se sporene i sneen? Kom, lad os f\u00f8lge dem!<\/p>\n","protected":false},"featured_media":0,"template":"","meta":{"content-type":"","_monsterinsights_skip_tracking":false,"_monsterinsights_sitenote_active":false,"_monsterinsights_sitenote_note":"","_monsterinsights_sitenote_category":0},"product_brand":[],"product_cat":[1684,1648],"product_tag":[],"brand":[{"id":1020,"name":"Lumo Stars","slug":"lumo-stars_dk"}],"target-group":[],"discontinued":[],"class_list":{"0":"post-342153","1":"product","2":"type-product","3":"status-publish","5":"product_cat-boeger-lumo-stars-6","6":"product_cat-maleboeger","7":"brand-lumo-stars_dk","9":"first","10":"instock","11":"taxable","12":"shipping-taxable","13":"product-type-simple"},"aioseo_notices":[],"_links":{"self":[{"href":"https:\/\/games.tactic.net\/da\/wp-json\/wp\/v2\/product\/342153","targetHints":{"allow":["GET"]}}],"collection":[{"href":"https:\/\/games.tactic.net\/da\/wp-json\/wp\/v2\/product"}],"about":[{"href":"https:\/\/games.tactic.net\/da\/wp-json\/wp\/v2\/types\/product"}],"wp:attachment":[{"href":"https:\/\/games.tactic.net\/da\/wp-json\/wp\/v2\/media?parent=342153"}],"wp:term":[{"taxonomy":"product_brand","embeddable":true,"href":"https:\/\/games.tactic.net\/da\/wp-json\/wp\/v2\/product_brand?post=342153"},{"taxonomy":"product_cat","embeddable":true,"href":"https:\/\/games.tactic.net\/da\/wp-json\/wp\/v2\/product_cat?post=342153"},{"taxonomy":"product_tag","embeddable":true,"href":"https:\/\/games.tactic.net\/da\/wp-json\/wp\/v2\/product_tag?post=342153"},{"taxonomy":"brand","embeddable":true,"href":"https:\/\/games.tactic.net\/da\/wp-json\/wp\/v2\/brand?post=342153"},{"taxonomy":"target-group","embeddable":true,"href":"https:\/\/games.tactic.net\/da\/wp-json\/wp\/v2\/target-group?post=342153"},{"taxonomy":"discontinued","embeddable":true,"href":"https:\/\/games.tactic.net\/da\/wp-json\/wp\/v2\/discontinued?post=342153"}],"curies":[{"name":"wp","href":"https:\/\/api.w.org\/{rel}","templated":true}]}}