{"id":342068,"date":"2022-01-21T10:57:27","date_gmt":"2022-01-21T08:57:27","guid":{"rendered":"https:\/\/games.tactic.net\/tuote\/farverig-frugt-og-gode-groentsager\/"},"modified":"2023-09-27T11:36:21","modified_gmt":"2023-09-27T08:36:21","slug":"farverig-frugt-og-gode-groentsager","status":"publish","type":"product","link":"https:\/\/games.tactic.net\/da\/tuote\/farverig-frugt-og-gode-groentsager\/","title":{"rendered":"Tactic FARVERIG FRUGT OG GODE GR\u00d8NTSAGER"},"content":{"rendered":"<p>I denne sjove malebog l\u00e6rer dit barn forskellige slags frugter, b\u00e6r og gr\u00f8ntsager at kende. Hvilken farve har en appelsin? Hvad med hindb\u00e6r og radiser? Skal et \u00e6ble v\u00e6re gult, r\u00f8dt eller gr\u00f8nt? Bogen indeholder masser af sjov med frisk og saftig frugt!<\/p>\n","protected":false},"excerpt":{"rendered":"<p>I denne sjove malebog l\u00e6rer dit barn forskellige slags frugter, b\u00e6r og gr\u00f8ntsager at kende.<\/p>\n","protected":false},"featured_media":0,"template":"","meta":{"content-type":"","_monsterinsights_skip_tracking":false,"_monsterinsights_sitenote_active":false,"_monsterinsights_sitenote_note":"","_monsterinsights_sitenote_category":0},"product_brand":[],"product_cat":[1648],"product_tag":[],"brand":[],"target-group":[],"discontinued":[],"class_list":{"0":"post-342068","1":"product","2":"type-product","3":"status-publish","5":"product_cat-maleboeger","7":"first","8":"instock","9":"taxable","10":"shipping-taxable","11":"product-type-simple"},"aioseo_notices":[],"_links":{"self":[{"href":"https:\/\/games.tactic.net\/da\/wp-json\/wp\/v2\/product\/342068","targetHints":{"allow":["GET"]}}],"collection":[{"href":"https:\/\/games.tactic.net\/da\/wp-json\/wp\/v2\/product"}],"about":[{"href":"https:\/\/games.tactic.net\/da\/wp-json\/wp\/v2\/types\/product"}],"wp:attachment":[{"href":"https:\/\/games.tactic.net\/da\/wp-json\/wp\/v2\/media?parent=342068"}],"wp:term":[{"taxonomy":"product_brand","embeddable":true,"href":"https:\/\/games.tactic.net\/da\/wp-json\/wp\/v2\/product_brand?post=342068"},{"taxonomy":"product_cat","embeddable":true,"href":"https:\/\/games.tactic.net\/da\/wp-json\/wp\/v2\/product_cat?post=342068"},{"taxonomy":"product_tag","embeddable":true,"href":"https:\/\/games.tactic.net\/da\/wp-json\/wp\/v2\/product_tag?post=342068"},{"taxonomy":"brand","embeddable":true,"href":"https:\/\/games.tactic.net\/da\/wp-json\/wp\/v2\/brand?post=342068"},{"taxonomy":"target-group","embeddable":true,"href":"https:\/\/games.tactic.net\/da\/wp-json\/wp\/v2\/target-group?post=342068"},{"taxonomy":"discontinued","embeddable":true,"href":"https:\/\/games.tactic.net\/da\/wp-json\/wp\/v2\/discontinued?post=342068"}],"curies":[{"name":"wp","href":"https:\/\/api.w.org\/{rel}","templated":true}]}}