{"id":341927,"date":"2022-01-21T10:56:19","date_gmt":"2022-01-21T08:56:19","guid":{"rendered":"https:\/\/games.tactic.net\/tuote\/byens-puls-malebog\/"},"modified":"2023-09-27T11:36:14","modified_gmt":"2023-09-27T08:36:14","slug":"byens-puls-malebog","status":"publish","type":"product","link":"https:\/\/games.tactic.net\/da\/tuote\/byens-puls-malebog\/","title":{"rendered":"Tactic Byens puls, malebog"},"content":{"rendered":"<p>Kom med p\u00e5 bes\u00f8g i byen! Der er rigtig meget at lave og se: Optag en video af dine venner, mens de mestrer deres skateboards, sl\u00e5 dig l\u00f8s p\u00e5 dansegulvet til gadefesten, g\u00e5 op ad den r\u00f8de l\u00f8ber med stil og g\u00e5 dig til ber\u00f8mmelse i gaderne i byens forskellige kvarterer. Bliv inspireret af byens unikke street style, slap af, v\u00e6r cool og tag en sej selfie \u2013 og snart er dagen slut. Vi gl\u00e6der os til at gentage succesen i morgen!<\/p>\n","protected":false},"excerpt":{"rendered":"<p>Kom med p\u00e5 bes\u00f8g i byen! Der er rigtig meget at lave og se: Optag en video af dine venner, mens de mestrer deres skateboards, sl\u00e5 dig l\u00f8s p\u00e5 dansegulvet til gadefesten, g\u00e5 op ad den r\u00f8de l\u00f8ber med stil og g\u00e5 dig til ber\u00f8mmelse i gaderne i byens forskellige kvarterer. Bliv inspireret af byens unikke street style, slap af, v\u00e6r cool og tag en sej selfie \u2013 og snart er dagen slut. Vi gl\u00e6der os til at gentage succesen i morgen!<\/p>\n","protected":false},"featured_media":0,"template":"","meta":{"content-type":"","_monsterinsights_skip_tracking":false,"_monsterinsights_sitenote_active":false,"_monsterinsights_sitenote_note":"","_monsterinsights_sitenote_category":0},"product_brand":[],"product_cat":[1648],"product_tag":[],"brand":[],"target-group":[],"discontinued":[],"class_list":{"0":"post-341927","1":"product","2":"type-product","3":"status-publish","5":"product_cat-maleboeger","7":"first","8":"instock","9":"taxable","10":"shipping-taxable","11":"product-type-simple"},"aioseo_notices":[],"_links":{"self":[{"href":"https:\/\/games.tactic.net\/da\/wp-json\/wp\/v2\/product\/341927","targetHints":{"allow":["GET"]}}],"collection":[{"href":"https:\/\/games.tactic.net\/da\/wp-json\/wp\/v2\/product"}],"about":[{"href":"https:\/\/games.tactic.net\/da\/wp-json\/wp\/v2\/types\/product"}],"wp:attachment":[{"href":"https:\/\/games.tactic.net\/da\/wp-json\/wp\/v2\/media?parent=341927"}],"wp:term":[{"taxonomy":"product_brand","embeddable":true,"href":"https:\/\/games.tactic.net\/da\/wp-json\/wp\/v2\/product_brand?post=341927"},{"taxonomy":"product_cat","embeddable":true,"href":"https:\/\/games.tactic.net\/da\/wp-json\/wp\/v2\/product_cat?post=341927"},{"taxonomy":"product_tag","embeddable":true,"href":"https:\/\/games.tactic.net\/da\/wp-json\/wp\/v2\/product_tag?post=341927"},{"taxonomy":"brand","embeddable":true,"href":"https:\/\/games.tactic.net\/da\/wp-json\/wp\/v2\/brand?post=341927"},{"taxonomy":"target-group","embeddable":true,"href":"https:\/\/games.tactic.net\/da\/wp-json\/wp\/v2\/target-group?post=341927"},{"taxonomy":"discontinued","embeddable":true,"href":"https:\/\/games.tactic.net\/da\/wp-json\/wp\/v2\/discontinued?post=341927"}],"curies":[{"name":"wp","href":"https:\/\/api.w.org\/{rel}","templated":true}]}}