{"id":341884,"date":"2022-01-21T10:55:53","date_gmt":"2022-01-21T08:55:53","guid":{"rendered":"https:\/\/games.tactic.net\/tuote\/maegtige-drager-malebog\/"},"modified":"2024-04-12T09:11:25","modified_gmt":"2024-04-12T06:11:25","slug":"maegtige-drager-malebog","status":"archive","type":"product","link":"https:\/\/games.tactic.net\/da\/tuote\/maegtige-drager-malebog\/","title":{"rendered":"M\u00e6gtige drager, malebog"},"content":{"rendered":"<p>Selv den mest modige kriger har respekt for en stor, st\u00e6rk drage. Visse drager spyr ild, mens de holder et v\u00e5gent \u00f8je med omgivelserne. Andre kan sprede deres vinger og flyve majest\u00e6tisk mod himlen. Tag med til et univers fuldt af storsl\u00e5ede, mytologiske skabninger og farvel\u00e6g dragerne i flotte farver!<\/p>\n","protected":false},"excerpt":{"rendered":"<p>Selv den mest modige kriger har respekt for en stor, st\u00e6rk drage. Visse drager spyr ild, mens de holder et v\u00e5gent \u00f8je med omgivelserne. Andre kan sprede deres vinger og flyve majest\u00e6tisk mod himlen. Tag med til et univers fuldt af storsl\u00e5ede, mytologiske skabninger og farvel\u00e6g dragerne i flotte farver!<\/p>\n","protected":false},"featured_media":0,"template":"","meta":{"content-type":"","_monsterinsights_skip_tracking":false,"_monsterinsights_sitenote_active":false,"_monsterinsights_sitenote_note":"","_monsterinsights_sitenote_category":0},"product_brand":[],"product_cat":[1648],"product_tag":[],"brand":[],"target-group":[],"discontinued":[],"class_list":{"0":"post-341884","1":"product","2":"type-product","3":"status-archive","5":"product_cat-maleboeger","7":"first","8":"outofstock","9":"taxable","10":"shipping-taxable","11":"product-type-simple"},"aioseo_notices":[],"_links":{"self":[{"href":"https:\/\/games.tactic.net\/da\/wp-json\/wp\/v2\/product\/341884","targetHints":{"allow":["GET"]}}],"collection":[{"href":"https:\/\/games.tactic.net\/da\/wp-json\/wp\/v2\/product"}],"about":[{"href":"https:\/\/games.tactic.net\/da\/wp-json\/wp\/v2\/types\/product"}],"wp:attachment":[{"href":"https:\/\/games.tactic.net\/da\/wp-json\/wp\/v2\/media?parent=341884"}],"wp:term":[{"taxonomy":"product_brand","embeddable":true,"href":"https:\/\/games.tactic.net\/da\/wp-json\/wp\/v2\/product_brand?post=341884"},{"taxonomy":"product_cat","embeddable":true,"href":"https:\/\/games.tactic.net\/da\/wp-json\/wp\/v2\/product_cat?post=341884"},{"taxonomy":"product_tag","embeddable":true,"href":"https:\/\/games.tactic.net\/da\/wp-json\/wp\/v2\/product_tag?post=341884"},{"taxonomy":"brand","embeddable":true,"href":"https:\/\/games.tactic.net\/da\/wp-json\/wp\/v2\/brand?post=341884"},{"taxonomy":"target-group","embeddable":true,"href":"https:\/\/games.tactic.net\/da\/wp-json\/wp\/v2\/target-group?post=341884"},{"taxonomy":"discontinued","embeddable":true,"href":"https:\/\/games.tactic.net\/da\/wp-json\/wp\/v2\/discontinued?post=341884"}],"curies":[{"name":"wp","href":"https:\/\/api.w.org\/{rel}","templated":true}]}}