{"id":341813,"date":"2022-01-21T10:55:25","date_gmt":"2022-01-21T08:55:25","guid":{"rendered":"https:\/\/games.tactic.net\/tuote\/travle-traktorer-malebog\/"},"modified":"2023-10-23T10:28:40","modified_gmt":"2023-10-23T07:28:40","slug":"travle-traktorer-malebog","status":"publish","type":"product","link":"https:\/\/games.tactic.net\/da\/tuote\/travle-traktorer-malebog\/","title":{"rendered":"Tactic Travle traktorer malebog"},"content":{"rendered":"<p>Her er en k\u00e6mpestor malebog for alle, der elsker arbejdsmaskiner og tunge k\u00f8ret\u00f8jer. Bogen er fyldt med traktorer, gravemaskiner, gummigeder og andet materiel. Sp\u00e6nd sikkerhedsselen og f\u00f8lg med til en verden fuld af k\u00f8ret\u00f8jer og arbejdsmaskiner.<\/p>\n","protected":false},"excerpt":{"rendered":"<p>Her er en k\u00e6mpestor malebog for alle, der elsker arbejdsmaskiner og tunge k\u00f8ret\u00f8jer. Bogen er fyldt med traktorer, gravemaskiner, gummigeder og andet materiel. Sp\u00e6nd sikkerhedsselen og f\u00f8lg med til en verden fuld af k\u00f8ret\u00f8jer og arbejdsmaskiner.<\/p>\n","protected":false},"featured_media":0,"template":"","meta":{"content-type":"","_monsterinsights_skip_tracking":false,"_monsterinsights_sitenote_active":false,"_monsterinsights_sitenote_note":"","_monsterinsights_sitenote_category":0},"product_brand":[],"product_cat":[1648],"product_tag":[],"brand":[],"target-group":[],"discontinued":[],"class_list":{"0":"post-341813","1":"product","2":"type-product","3":"status-publish","5":"product_cat-maleboeger","7":"first","8":"instock","9":"taxable","10":"shipping-taxable","11":"product-type-simple"},"aioseo_notices":[],"_links":{"self":[{"href":"https:\/\/games.tactic.net\/da\/wp-json\/wp\/v2\/product\/341813","targetHints":{"allow":["GET"]}}],"collection":[{"href":"https:\/\/games.tactic.net\/da\/wp-json\/wp\/v2\/product"}],"about":[{"href":"https:\/\/games.tactic.net\/da\/wp-json\/wp\/v2\/types\/product"}],"wp:attachment":[{"href":"https:\/\/games.tactic.net\/da\/wp-json\/wp\/v2\/media?parent=341813"}],"wp:term":[{"taxonomy":"product_brand","embeddable":true,"href":"https:\/\/games.tactic.net\/da\/wp-json\/wp\/v2\/product_brand?post=341813"},{"taxonomy":"product_cat","embeddable":true,"href":"https:\/\/games.tactic.net\/da\/wp-json\/wp\/v2\/product_cat?post=341813"},{"taxonomy":"product_tag","embeddable":true,"href":"https:\/\/games.tactic.net\/da\/wp-json\/wp\/v2\/product_tag?post=341813"},{"taxonomy":"brand","embeddable":true,"href":"https:\/\/games.tactic.net\/da\/wp-json\/wp\/v2\/brand?post=341813"},{"taxonomy":"target-group","embeddable":true,"href":"https:\/\/games.tactic.net\/da\/wp-json\/wp\/v2\/target-group?post=341813"},{"taxonomy":"discontinued","embeddable":true,"href":"https:\/\/games.tactic.net\/da\/wp-json\/wp\/v2\/discontinued?post=341813"}],"curies":[{"name":"wp","href":"https:\/\/api.w.org\/{rel}","templated":true}]}}