{"id":341798,"date":"2022-01-21T10:55:02","date_gmt":"2022-01-21T08:55:02","guid":{"rendered":"https:\/\/games.tactic.net\/tuote\/smukke-blomster-malebog\/"},"modified":"2022-01-21T10:55:02","modified_gmt":"2022-01-21T08:55:02","slug":"smukke-blomster-malebog","status":"publish","type":"product","link":"https:\/\/games.tactic.net\/da\/tuote\/smukke-blomster-malebog\/","title":{"rendered":"Smukke blomster malebog"},"content":{"rendered":"<p>Sk\u00f8nne roser, s\u00f8de violer, friske tulipaner&#8230; denne malebog er fyldt med naturens vidundere. Tr\u00e6d ind i den charmerende verden af flora og farvel\u00e6g alle de smukke blomster i dine yndlingsfarver!<\/p>\n","protected":false},"excerpt":{"rendered":"<p>Sk\u00f8nne roser, s\u00f8de violer, friske tulipaner&#8230; denne malebog er fyldt med naturens vidundere. Tr\u00e6d ind i den charmerende verden af flora og farvel\u00e6g alle de smukke blomster i dine yndlingsfarver!<\/p>\n","protected":false},"featured_media":341770,"template":"","meta":{"content-type":"","_monsterinsights_skip_tracking":false,"_monsterinsights_sitenote_active":false,"_monsterinsights_sitenote_note":"","_monsterinsights_sitenote_category":0},"product_brand":[],"product_cat":[1648],"product_tag":[],"brand":[],"target-group":[],"discontinued":[],"class_list":{"0":"post-341798","1":"product","2":"type-product","3":"status-publish","4":"has-post-thumbnail","6":"product_cat-maleboeger","8":"first","9":"instock","10":"taxable","11":"shipping-taxable","12":"product-type-simple"},"aioseo_notices":[],"_links":{"self":[{"href":"https:\/\/games.tactic.net\/da\/wp-json\/wp\/v2\/product\/341798","targetHints":{"allow":["GET"]}}],"collection":[{"href":"https:\/\/games.tactic.net\/da\/wp-json\/wp\/v2\/product"}],"about":[{"href":"https:\/\/games.tactic.net\/da\/wp-json\/wp\/v2\/types\/product"}],"wp:featuredmedia":[{"embeddable":true,"href":"https:\/\/games.tactic.net\/da\/wp-json\/wp\/v2\/media\/341770"}],"wp:attachment":[{"href":"https:\/\/games.tactic.net\/da\/wp-json\/wp\/v2\/media?parent=341798"}],"wp:term":[{"taxonomy":"product_brand","embeddable":true,"href":"https:\/\/games.tactic.net\/da\/wp-json\/wp\/v2\/product_brand?post=341798"},{"taxonomy":"product_cat","embeddable":true,"href":"https:\/\/games.tactic.net\/da\/wp-json\/wp\/v2\/product_cat?post=341798"},{"taxonomy":"product_tag","embeddable":true,"href":"https:\/\/games.tactic.net\/da\/wp-json\/wp\/v2\/product_tag?post=341798"},{"taxonomy":"brand","embeddable":true,"href":"https:\/\/games.tactic.net\/da\/wp-json\/wp\/v2\/brand?post=341798"},{"taxonomy":"target-group","embeddable":true,"href":"https:\/\/games.tactic.net\/da\/wp-json\/wp\/v2\/target-group?post=341798"},{"taxonomy":"discontinued","embeddable":true,"href":"https:\/\/games.tactic.net\/da\/wp-json\/wp\/v2\/discontinued?post=341798"}],"curies":[{"name":"wp","href":"https:\/\/api.w.org\/{rel}","templated":true}]}}