{"id":341754,"date":"2022-01-21T10:54:18","date_gmt":"2022-01-21T08:54:18","guid":{"rendered":"https:\/\/games.tactic.net\/tuote\/malebog-med-vilde-dyr\/"},"modified":"2023-10-23T10:29:30","modified_gmt":"2023-10-23T07:29:30","slug":"malebog-med-vilde-dyr","status":"publish","type":"product","link":"https:\/\/games.tactic.net\/da\/tuote\/malebog-med-vilde-dyr\/","title":{"rendered":"Tactic Malebog med vilde dyr"},"content":{"rendered":"<p>Kom med til en facinerende verden af vilde dyr! Bogen er fyldt med dyr, der venter p\u00e5 at blive farvelagt. Der er tigre, l\u00f8ver, n\u00e6sehorn og andre imponerende vilde dyr \u2013 kom og v\u00e6r med!<\/p>\n","protected":false},"excerpt":{"rendered":"<p>Kom med til en facinerende verden af vilde dyr! Bogen er fyldt med dyr, der venter p\u00e5 at blive farvelagt. Der er tigre, l\u00f8ver, n\u00e6sehorn og andre imponerende vilde dyr \u2013 kom og v\u00e6r med!<\/p>\n","protected":false},"featured_media":0,"template":"","meta":{"content-type":"","_monsterinsights_skip_tracking":false,"_monsterinsights_sitenote_active":false,"_monsterinsights_sitenote_note":"","_monsterinsights_sitenote_category":0},"product_brand":[],"product_cat":[1648],"product_tag":[],"brand":[],"target-group":[],"discontinued":[],"class_list":{"0":"post-341754","1":"product","2":"type-product","3":"status-publish","5":"product_cat-maleboeger","7":"first","8":"instock","9":"taxable","10":"shipping-taxable","11":"product-type-simple"},"aioseo_notices":[],"_links":{"self":[{"href":"https:\/\/games.tactic.net\/da\/wp-json\/wp\/v2\/product\/341754","targetHints":{"allow":["GET"]}}],"collection":[{"href":"https:\/\/games.tactic.net\/da\/wp-json\/wp\/v2\/product"}],"about":[{"href":"https:\/\/games.tactic.net\/da\/wp-json\/wp\/v2\/types\/product"}],"wp:attachment":[{"href":"https:\/\/games.tactic.net\/da\/wp-json\/wp\/v2\/media?parent=341754"}],"wp:term":[{"taxonomy":"product_brand","embeddable":true,"href":"https:\/\/games.tactic.net\/da\/wp-json\/wp\/v2\/product_brand?post=341754"},{"taxonomy":"product_cat","embeddable":true,"href":"https:\/\/games.tactic.net\/da\/wp-json\/wp\/v2\/product_cat?post=341754"},{"taxonomy":"product_tag","embeddable":true,"href":"https:\/\/games.tactic.net\/da\/wp-json\/wp\/v2\/product_tag?post=341754"},{"taxonomy":"brand","embeddable":true,"href":"https:\/\/games.tactic.net\/da\/wp-json\/wp\/v2\/brand?post=341754"},{"taxonomy":"target-group","embeddable":true,"href":"https:\/\/games.tactic.net\/da\/wp-json\/wp\/v2\/target-group?post=341754"},{"taxonomy":"discontinued","embeddable":true,"href":"https:\/\/games.tactic.net\/da\/wp-json\/wp\/v2\/discontinued?post=341754"}],"curies":[{"name":"wp","href":"https:\/\/api.w.org\/{rel}","templated":true}]}}