{"id":341682,"date":"2022-01-21T10:53:32","date_gmt":"2022-01-21T08:53:32","guid":{"rendered":"https:\/\/games.tactic.net\/tuote\/malebog-med-pirater\/"},"modified":"2024-04-12T09:11:04","modified_gmt":"2024-04-12T06:11:04","slug":"malebog-med-pirater","status":"archive","type":"product","link":"https:\/\/games.tactic.net\/da\/tuote\/malebog-med-pirater\/","title":{"rendered":"Malebog med pirater"},"content":{"rendered":"<p>Skib oh\u00f8j, mine venner! Farvel\u00e6g alle de medrivende billeder af pirater, der sejler p\u00e5 de syv have.<\/p>\n","protected":false},"excerpt":{"rendered":"<p>Skib oh\u00f8j, mine venner! Farvel\u00e6g alle de medrivende billeder af pirater, der sejler p\u00e5 de syv have.<\/p>\n","protected":false},"featured_media":341668,"template":"","meta":{"content-type":"","_monsterinsights_skip_tracking":false,"_monsterinsights_sitenote_active":false,"_monsterinsights_sitenote_note":"","_monsterinsights_sitenote_category":0},"product_brand":[],"product_cat":[1648],"product_tag":[],"brand":[],"target-group":[],"discontinued":[],"class_list":{"0":"post-341682","1":"product","2":"type-product","3":"status-archive","4":"has-post-thumbnail","6":"product_cat-maleboeger","8":"first","9":"outofstock","10":"taxable","11":"shipping-taxable","12":"product-type-simple"},"aioseo_notices":[],"_links":{"self":[{"href":"https:\/\/games.tactic.net\/da\/wp-json\/wp\/v2\/product\/341682","targetHints":{"allow":["GET"]}}],"collection":[{"href":"https:\/\/games.tactic.net\/da\/wp-json\/wp\/v2\/product"}],"about":[{"href":"https:\/\/games.tactic.net\/da\/wp-json\/wp\/v2\/types\/product"}],"wp:featuredmedia":[{"embeddable":true,"href":"https:\/\/games.tactic.net\/da\/wp-json\/wp\/v2\/media\/341668"}],"wp:attachment":[{"href":"https:\/\/games.tactic.net\/da\/wp-json\/wp\/v2\/media?parent=341682"}],"wp:term":[{"taxonomy":"product_brand","embeddable":true,"href":"https:\/\/games.tactic.net\/da\/wp-json\/wp\/v2\/product_brand?post=341682"},{"taxonomy":"product_cat","embeddable":true,"href":"https:\/\/games.tactic.net\/da\/wp-json\/wp\/v2\/product_cat?post=341682"},{"taxonomy":"product_tag","embeddable":true,"href":"https:\/\/games.tactic.net\/da\/wp-json\/wp\/v2\/product_tag?post=341682"},{"taxonomy":"brand","embeddable":true,"href":"https:\/\/games.tactic.net\/da\/wp-json\/wp\/v2\/brand?post=341682"},{"taxonomy":"target-group","embeddable":true,"href":"https:\/\/games.tactic.net\/da\/wp-json\/wp\/v2\/target-group?post=341682"},{"taxonomy":"discontinued","embeddable":true,"href":"https:\/\/games.tactic.net\/da\/wp-json\/wp\/v2\/discontinued?post=341682"}],"curies":[{"name":"wp","href":"https:\/\/api.w.org\/{rel}","templated":true}]}}