{"id":341652,"date":"2022-01-21T10:52:46","date_gmt":"2022-01-21T08:52:46","guid":{"rendered":"https:\/\/games.tactic.net\/tuote\/stor-malebog-til-smaa-haender\/"},"modified":"2023-09-27T11:32:41","modified_gmt":"2023-09-27T08:32:41","slug":"stor-malebog-til-smaa-haender","status":"publish","type":"product","link":"https:\/\/games.tactic.net\/da\/tuote\/stor-malebog-til-smaa-haender\/","title":{"rendered":"Tactic Stor Malebog til sm\u00e5 h\u00e6nder"},"content":{"rendered":"<p>Stor malebog til sm\u00e5 h\u00e6nder har ekstra tykke streger og simple billeder, s\u00e5 selv de mindste kan male med. I denne bog er der hele 96 sider, hvor man n\u00e6sten er n\u00f8dt til at pr\u00f8ve at male udenfor stregerne.<\/p>\n","protected":false},"excerpt":{"rendered":"<p>Stor malebog til sm\u00e5 h\u00e6nder har ekstra tykke streger og simple billeder, s\u00e5 selv de mindste kan male med. I denne bog er der hele 96 sider, hvor man n\u00e6sten er n\u00f8dt til at pr\u00f8ve at male udenfor stregerne.<\/p>\n","protected":false},"featured_media":0,"template":"","meta":{"content-type":"","_monsterinsights_skip_tracking":false,"_monsterinsights_sitenote_active":false,"_monsterinsights_sitenote_note":"","_monsterinsights_sitenote_category":0},"product_brand":[],"product_cat":[1648],"product_tag":[],"brand":[],"target-group":[],"discontinued":[],"class_list":{"0":"post-341652","1":"product","2":"type-product","3":"status-publish","5":"product_cat-maleboeger","7":"first","8":"instock","9":"taxable","10":"shipping-taxable","11":"product-type-simple"},"aioseo_notices":[],"_links":{"self":[{"href":"https:\/\/games.tactic.net\/da\/wp-json\/wp\/v2\/product\/341652","targetHints":{"allow":["GET"]}}],"collection":[{"href":"https:\/\/games.tactic.net\/da\/wp-json\/wp\/v2\/product"}],"about":[{"href":"https:\/\/games.tactic.net\/da\/wp-json\/wp\/v2\/types\/product"}],"wp:attachment":[{"href":"https:\/\/games.tactic.net\/da\/wp-json\/wp\/v2\/media?parent=341652"}],"wp:term":[{"taxonomy":"product_brand","embeddable":true,"href":"https:\/\/games.tactic.net\/da\/wp-json\/wp\/v2\/product_brand?post=341652"},{"taxonomy":"product_cat","embeddable":true,"href":"https:\/\/games.tactic.net\/da\/wp-json\/wp\/v2\/product_cat?post=341652"},{"taxonomy":"product_tag","embeddable":true,"href":"https:\/\/games.tactic.net\/da\/wp-json\/wp\/v2\/product_tag?post=341652"},{"taxonomy":"brand","embeddable":true,"href":"https:\/\/games.tactic.net\/da\/wp-json\/wp\/v2\/brand?post=341652"},{"taxonomy":"target-group","embeddable":true,"href":"https:\/\/games.tactic.net\/da\/wp-json\/wp\/v2\/target-group?post=341652"},{"taxonomy":"discontinued","embeddable":true,"href":"https:\/\/games.tactic.net\/da\/wp-json\/wp\/v2\/discontinued?post=341652"}],"curies":[{"name":"wp","href":"https:\/\/api.w.org\/{rel}","templated":true}]}}