{"id":341466,"date":"2022-01-21T10:50:36","date_gmt":"2022-01-21T08:50:36","guid":{"rendered":"https:\/\/games.tactic.net\/tuote\/min-foerste-malebog\/"},"modified":"2023-09-27T11:30:42","modified_gmt":"2023-09-27T08:30:42","slug":"min-foerste-malebog","status":"publish","type":"product","link":"https:\/\/games.tactic.net\/da\/tuote\/min-foerste-malebog\/","title":{"rendered":"Tactic Min f\u00f8rste malebog"},"content":{"rendered":"<p>Min F\u00f8rste Malebog har ekstra tykke streger og simple billeder, s\u00e5 selv de mindste kan male med. I denne bog er man n\u00e6sten n\u00f8dt til at pr\u00f8ve at male udenfor stregerne.<\/p>\n","protected":false},"excerpt":{"rendered":"<p>Min f\u00f8rste malebog har ekstra tykke streger og simple billeder, s\u00e5 selv de mindste kan male med. I denne bog er man n\u00e6sten n\u00f8dt til at pr\u00f8ve at male udenfor stregerne.<\/p>\n","protected":false},"featured_media":341452,"template":"","meta":{"content-type":"","_monsterinsights_skip_tracking":false,"_monsterinsights_sitenote_active":false,"_monsterinsights_sitenote_note":"","_monsterinsights_sitenote_category":0},"product_brand":[],"product_cat":[1648],"product_tag":[],"brand":[],"target-group":[],"discontinued":[],"class_list":{"0":"post-341466","1":"product","2":"type-product","3":"status-publish","4":"has-post-thumbnail","6":"product_cat-maleboeger","8":"first","9":"instock","10":"taxable","11":"shipping-taxable","12":"product-type-simple"},"aioseo_notices":[],"_links":{"self":[{"href":"https:\/\/games.tactic.net\/da\/wp-json\/wp\/v2\/product\/341466","targetHints":{"allow":["GET"]}}],"collection":[{"href":"https:\/\/games.tactic.net\/da\/wp-json\/wp\/v2\/product"}],"about":[{"href":"https:\/\/games.tactic.net\/da\/wp-json\/wp\/v2\/types\/product"}],"wp:featuredmedia":[{"embeddable":true,"href":"https:\/\/games.tactic.net\/da\/wp-json\/wp\/v2\/media\/341452"}],"wp:attachment":[{"href":"https:\/\/games.tactic.net\/da\/wp-json\/wp\/v2\/media?parent=341466"}],"wp:term":[{"taxonomy":"product_brand","embeddable":true,"href":"https:\/\/games.tactic.net\/da\/wp-json\/wp\/v2\/product_brand?post=341466"},{"taxonomy":"product_cat","embeddable":true,"href":"https:\/\/games.tactic.net\/da\/wp-json\/wp\/v2\/product_cat?post=341466"},{"taxonomy":"product_tag","embeddable":true,"href":"https:\/\/games.tactic.net\/da\/wp-json\/wp\/v2\/product_tag?post=341466"},{"taxonomy":"brand","embeddable":true,"href":"https:\/\/games.tactic.net\/da\/wp-json\/wp\/v2\/brand?post=341466"},{"taxonomy":"target-group","embeddable":true,"href":"https:\/\/games.tactic.net\/da\/wp-json\/wp\/v2\/target-group?post=341466"},{"taxonomy":"discontinued","embeddable":true,"href":"https:\/\/games.tactic.net\/da\/wp-json\/wp\/v2\/discontinued?post=341466"}],"curies":[{"name":"wp","href":"https:\/\/api.w.org\/{rel}","templated":true}]}}