{"id":317090,"date":"2022-01-18T15:17:58","date_gmt":"2022-01-18T13:17:58","guid":{"rendered":"https:\/\/games.tactic.net\/tuote\/lumo-stars-figu-reino\/"},"modified":"2025-01-22T14:17:57","modified_gmt":"2025-01-22T12:17:57","slug":"lumo-stars-figu-reino","status":"archive","type":"product","link":"https:\/\/games.tactic.net\/da\/tuote\/lumo-stars-figu-reino\/","title":{"rendered":"Lumo Stars Figu Reino"},"content":{"rendered":"<p>Lumo Stars Figu<\/p>\n<p>Reino tager en snak med Otso. Han fort\u00e6ller ham, hvor vidunderlig sommeren har v\u00e6ret, n\u00e5r han l\u00f8b med venner p\u00e5 Laplands bakker. Det var let, varmt og s\u00e5 sjovt! &#8220;Kan du ikke lide vinteren,&#8221; sp\u00f8rger bj\u00f8rnen Otso, som snart skal begynde sin vinters\u00f8vn. &#8220;\u00c5h ja!&#8221; r\u00e5ber Reino. &#8220;Jeg kan godt lide dem begge. Jeg elsker at danse med mine venner under nordlyset, omkring lejrb\u00e5let. Jeg ville ikke \u00e6ndre det for noget!&#8221;<\/p>\n","protected":false},"excerpt":{"rendered":"<p><\/p>\n","protected":false},"featured_media":0,"template":"","meta":{"content-type":"","_monsterinsights_skip_tracking":false,"_monsterinsights_sitenote_active":false,"_monsterinsights_sitenote_note":"","_monsterinsights_sitenote_category":0},"product_brand":[],"product_cat":[1646],"product_tag":[],"brand":[{"id":1020,"name":"Lumo Stars","slug":"lumo-stars_dk"}],"target-group":[],"discontinued":[],"class_list":{"0":"post-317090","1":"product","2":"type-product","3":"status-archive","5":"product_cat-figus-lumo-stars-6","6":"brand-lumo-stars_dk","8":"first","9":"outofstock","10":"taxable","11":"shipping-taxable","12":"product-type-simple"},"aioseo_notices":[],"_links":{"self":[{"href":"https:\/\/games.tactic.net\/da\/wp-json\/wp\/v2\/product\/317090","targetHints":{"allow":["GET"]}}],"collection":[{"href":"https:\/\/games.tactic.net\/da\/wp-json\/wp\/v2\/product"}],"about":[{"href":"https:\/\/games.tactic.net\/da\/wp-json\/wp\/v2\/types\/product"}],"wp:attachment":[{"href":"https:\/\/games.tactic.net\/da\/wp-json\/wp\/v2\/media?parent=317090"}],"wp:term":[{"taxonomy":"product_brand","embeddable":true,"href":"https:\/\/games.tactic.net\/da\/wp-json\/wp\/v2\/product_brand?post=317090"},{"taxonomy":"product_cat","embeddable":true,"href":"https:\/\/games.tactic.net\/da\/wp-json\/wp\/v2\/product_cat?post=317090"},{"taxonomy":"product_tag","embeddable":true,"href":"https:\/\/games.tactic.net\/da\/wp-json\/wp\/v2\/product_tag?post=317090"},{"taxonomy":"brand","embeddable":true,"href":"https:\/\/games.tactic.net\/da\/wp-json\/wp\/v2\/brand?post=317090"},{"taxonomy":"target-group","embeddable":true,"href":"https:\/\/games.tactic.net\/da\/wp-json\/wp\/v2\/target-group?post=317090"},{"taxonomy":"discontinued","embeddable":true,"href":"https:\/\/games.tactic.net\/da\/wp-json\/wp\/v2\/discontinued?post=317090"}],"curies":[{"name":"wp","href":"https:\/\/api.w.org\/{rel}","templated":true}]}}