{"id":317061,"date":"2022-01-18T15:17:48","date_gmt":"2022-01-18T13:17:48","guid":{"rendered":"https:\/\/games.tactic.net\/tuote\/lumo-stars-figu-wuff\/"},"modified":"2025-01-22T14:17:51","modified_gmt":"2025-01-22T12:17:51","slug":"lumo-stars-figu-wuff","status":"archive","type":"product","link":"https:\/\/games.tactic.net\/da\/tuote\/lumo-stars-figu-wuff\/","title":{"rendered":"Lumo Stars Figu Wuff"},"content":{"rendered":"<p>Lumo Stars Figu<\/p>\n<p>&#8220;Jeg har aldrig set et stjerneskud,&#8221; siger Wuff. &#8220;Jeg har h\u00f8rt, at n\u00e5r man ser en, s\u00e5 kan man komme med et \u00f8nske,&#8221; forts\u00e6tter han. &#8220;Hvis vi sidder her et stykke tid og kigger op mod himlen, ser vi m\u00e5ske en,&#8221; siger Pupu til Wuff. De ser p\u00e5 det stille vinterlandskab og himlen, der er fyldt med skinnende stjerner&#8230; og det er, n\u00e5r det sker! &#8220;Et stjerneskud!&#8221; r\u00e5ber de begge. Og s\u00e5 frems\u00e6tter de et \u00f8nske.<\/p>\n","protected":false},"excerpt":{"rendered":"<p><\/p>\n","protected":false},"featured_media":0,"template":"","meta":{"content-type":"","_monsterinsights_skip_tracking":false,"_monsterinsights_sitenote_active":false,"_monsterinsights_sitenote_note":"","_monsterinsights_sitenote_category":0},"product_brand":[],"product_cat":[1646],"product_tag":[],"brand":[{"id":1020,"name":"Lumo Stars","slug":"lumo-stars_dk"}],"target-group":[],"discontinued":[],"class_list":{"0":"post-317061","1":"product","2":"type-product","3":"status-archive","5":"product_cat-figus-lumo-stars-6","6":"brand-lumo-stars_dk","8":"first","9":"outofstock","10":"taxable","11":"shipping-taxable","12":"product-type-simple"},"aioseo_notices":[],"_links":{"self":[{"href":"https:\/\/games.tactic.net\/da\/wp-json\/wp\/v2\/product\/317061","targetHints":{"allow":["GET"]}}],"collection":[{"href":"https:\/\/games.tactic.net\/da\/wp-json\/wp\/v2\/product"}],"about":[{"href":"https:\/\/games.tactic.net\/da\/wp-json\/wp\/v2\/types\/product"}],"wp:attachment":[{"href":"https:\/\/games.tactic.net\/da\/wp-json\/wp\/v2\/media?parent=317061"}],"wp:term":[{"taxonomy":"product_brand","embeddable":true,"href":"https:\/\/games.tactic.net\/da\/wp-json\/wp\/v2\/product_brand?post=317061"},{"taxonomy":"product_cat","embeddable":true,"href":"https:\/\/games.tactic.net\/da\/wp-json\/wp\/v2\/product_cat?post=317061"},{"taxonomy":"product_tag","embeddable":true,"href":"https:\/\/games.tactic.net\/da\/wp-json\/wp\/v2\/product_tag?post=317061"},{"taxonomy":"brand","embeddable":true,"href":"https:\/\/games.tactic.net\/da\/wp-json\/wp\/v2\/brand?post=317061"},{"taxonomy":"target-group","embeddable":true,"href":"https:\/\/games.tactic.net\/da\/wp-json\/wp\/v2\/target-group?post=317061"},{"taxonomy":"discontinued","embeddable":true,"href":"https:\/\/games.tactic.net\/da\/wp-json\/wp\/v2\/discontinued?post=317061"}],"curies":[{"name":"wp","href":"https:\/\/api.w.org\/{rel}","templated":true}]}}