{"id":317032,"date":"2022-01-18T15:17:39","date_gmt":"2022-01-18T13:17:39","guid":{"rendered":"https:\/\/games.tactic.net\/tuote\/lumo-stars-figu-smultron\/"},"modified":"2025-01-22T14:17:45","modified_gmt":"2025-01-22T12:17:45","slug":"lumo-stars-figu-smultron","status":"archive","type":"product","link":"https:\/\/games.tactic.net\/da\/tuote\/lumo-stars-figu-smultron\/","title":{"rendered":"Lumo Stars Figu Smultron"},"content":{"rendered":"<p>Lumo Stars Figu<\/p>\n<p>&#8220;Jeg elsker bare jordb\u00e6r,&#8221; siger Smultron til sin veninde. &#8220;Jeg elsker bare bl\u00e5b\u00e6r,&#8221; siger hendes veninde. Smultron siger: &#8220;Jeg har en lyser\u00f8d pels, og du har en brun pels. Vores \u00f8jne har ogs\u00e5 forskellige farver.&#8221; Smultrons ven t\u00e6nker. &#8220;Ja det er de, men selvom vi ser forskellige ud, er vi stadig b\u00e5de pindsvin og bedste venner, der altid har det sjovt sammen! Ligesom nordlyset blander vi smukt alle forskellige slags farver!&#8221;<\/p>\n","protected":false},"excerpt":{"rendered":"<p><\/p>\n","protected":false},"featured_media":0,"template":"","meta":{"content-type":"","_monsterinsights_skip_tracking":false,"_monsterinsights_sitenote_active":false,"_monsterinsights_sitenote_note":"","_monsterinsights_sitenote_category":0},"product_brand":[],"product_cat":[1646],"product_tag":[],"brand":[{"id":1020,"name":"Lumo Stars","slug":"lumo-stars_dk"}],"target-group":[],"discontinued":[],"class_list":{"0":"post-317032","1":"product","2":"type-product","3":"status-archive","5":"product_cat-figus-lumo-stars-6","6":"brand-lumo-stars_dk","8":"first","9":"outofstock","10":"taxable","11":"shipping-taxable","12":"product-type-simple"},"aioseo_notices":[],"_links":{"self":[{"href":"https:\/\/games.tactic.net\/da\/wp-json\/wp\/v2\/product\/317032","targetHints":{"allow":["GET"]}}],"collection":[{"href":"https:\/\/games.tactic.net\/da\/wp-json\/wp\/v2\/product"}],"about":[{"href":"https:\/\/games.tactic.net\/da\/wp-json\/wp\/v2\/types\/product"}],"wp:attachment":[{"href":"https:\/\/games.tactic.net\/da\/wp-json\/wp\/v2\/media?parent=317032"}],"wp:term":[{"taxonomy":"product_brand","embeddable":true,"href":"https:\/\/games.tactic.net\/da\/wp-json\/wp\/v2\/product_brand?post=317032"},{"taxonomy":"product_cat","embeddable":true,"href":"https:\/\/games.tactic.net\/da\/wp-json\/wp\/v2\/product_cat?post=317032"},{"taxonomy":"product_tag","embeddable":true,"href":"https:\/\/games.tactic.net\/da\/wp-json\/wp\/v2\/product_tag?post=317032"},{"taxonomy":"brand","embeddable":true,"href":"https:\/\/games.tactic.net\/da\/wp-json\/wp\/v2\/brand?post=317032"},{"taxonomy":"target-group","embeddable":true,"href":"https:\/\/games.tactic.net\/da\/wp-json\/wp\/v2\/target-group?post=317032"},{"taxonomy":"discontinued","embeddable":true,"href":"https:\/\/games.tactic.net\/da\/wp-json\/wp\/v2\/discontinued?post=317032"}],"curies":[{"name":"wp","href":"https:\/\/api.w.org\/{rel}","templated":true}]}}