{"id":316916,"date":"2022-01-18T15:17:01","date_gmt":"2022-01-18T13:17:01","guid":{"rendered":"https:\/\/games.tactic.net\/tuote\/lumo-stars-figu-luna\/"},"modified":"2025-01-22T14:17:22","modified_gmt":"2025-01-22T12:17:22","slug":"lumo-stars-figu-luna","status":"archive","type":"product","link":"https:\/\/games.tactic.net\/da\/tuote\/lumo-stars-figu-luna\/","title":{"rendered":"Lumo Stars Figu Luna"},"content":{"rendered":"<p>Lumo Stars Figu<\/p>\n<p>N\u00e5r de kolde vinde begynder at bl\u00e6se i Lapland, er det tid for mig at flyve v\u00e6k. Jeg har ikke noget imod, at det bliver lidt koldt, men helt i nord har jeg sv\u00e6rt ved at holde mig varm. Rejsen sydp\u00e5 er lang, og om vinteren savner jeg nordlyset. Men&#8230; jeg er glad for, at jeg selv om sommeren kan nyde noget, der er koldt, og jeg mener is!<\/p>\n","protected":false},"excerpt":{"rendered":"<p><\/p>\n","protected":false},"featured_media":0,"template":"","meta":{"content-type":"","_monsterinsights_skip_tracking":false,"_monsterinsights_sitenote_active":false,"_monsterinsights_sitenote_note":"","_monsterinsights_sitenote_category":0},"product_brand":[],"product_cat":[1646],"product_tag":[],"brand":[{"id":1020,"name":"Lumo Stars","slug":"lumo-stars_dk"}],"target-group":[],"discontinued":[],"class_list":{"0":"post-316916","1":"product","2":"type-product","3":"status-archive","5":"product_cat-figus-lumo-stars-6","6":"brand-lumo-stars_dk","8":"first","9":"outofstock","10":"taxable","11":"shipping-taxable","12":"product-type-simple"},"aioseo_notices":[],"_links":{"self":[{"href":"https:\/\/games.tactic.net\/da\/wp-json\/wp\/v2\/product\/316916","targetHints":{"allow":["GET"]}}],"collection":[{"href":"https:\/\/games.tactic.net\/da\/wp-json\/wp\/v2\/product"}],"about":[{"href":"https:\/\/games.tactic.net\/da\/wp-json\/wp\/v2\/types\/product"}],"wp:attachment":[{"href":"https:\/\/games.tactic.net\/da\/wp-json\/wp\/v2\/media?parent=316916"}],"wp:term":[{"taxonomy":"product_brand","embeddable":true,"href":"https:\/\/games.tactic.net\/da\/wp-json\/wp\/v2\/product_brand?post=316916"},{"taxonomy":"product_cat","embeddable":true,"href":"https:\/\/games.tactic.net\/da\/wp-json\/wp\/v2\/product_cat?post=316916"},{"taxonomy":"product_tag","embeddable":true,"href":"https:\/\/games.tactic.net\/da\/wp-json\/wp\/v2\/product_tag?post=316916"},{"taxonomy":"brand","embeddable":true,"href":"https:\/\/games.tactic.net\/da\/wp-json\/wp\/v2\/brand?post=316916"},{"taxonomy":"target-group","embeddable":true,"href":"https:\/\/games.tactic.net\/da\/wp-json\/wp\/v2\/target-group?post=316916"},{"taxonomy":"discontinued","embeddable":true,"href":"https:\/\/games.tactic.net\/da\/wp-json\/wp\/v2\/discontinued?post=316916"}],"curies":[{"name":"wp","href":"https:\/\/api.w.org\/{rel}","templated":true}]}}