{"id":316887,"date":"2022-01-18T15:16:52","date_gmt":"2022-01-18T13:16:52","guid":{"rendered":"https:\/\/games.tactic.net\/tuote\/lumo-stars-figu-katti\/"},"modified":"2025-01-22T14:17:17","modified_gmt":"2025-01-22T12:17:17","slug":"lumo-stars-figu-katti","status":"archive","type":"product","link":"https:\/\/games.tactic.net\/da\/tuote\/lumo-stars-figu-katti\/","title":{"rendered":"Lumo Stars Figu Katti"},"content":{"rendered":"<p>Lumo Stars Figu<\/p>\n<p>Hvad er det, sp\u00f8rger Repo. Midt i Laplands bakker er der en kurv fuld af l\u00e6kre snacks, som dyr elsker. Men der er ingen der &#8211; bare en kurv. Smultron, Pupu, Hukka og Repo kigger bag snedriven. Ingen af dem er modige nok til at g\u00e5 t\u00e6ttere p\u00e5. Der er stille&#8230; indtil Kattis springer ud og r\u00e5ber: &#8220;Overraskelse, overraskelse! Jeg har lavet en picnic til os! Kom venligst og nyd det med mig.&#8221;<\/p>\n","protected":false},"excerpt":{"rendered":"<p><\/p>\n","protected":false},"featured_media":0,"template":"","meta":{"content-type":"","_monsterinsights_skip_tracking":false,"_monsterinsights_sitenote_active":false,"_monsterinsights_sitenote_note":"","_monsterinsights_sitenote_category":0},"product_brand":[],"product_cat":[1646],"product_tag":[],"brand":[{"id":1020,"name":"Lumo Stars","slug":"lumo-stars_dk"}],"target-group":[],"discontinued":[],"class_list":{"0":"post-316887","1":"product","2":"type-product","3":"status-archive","5":"product_cat-figus-lumo-stars-6","6":"brand-lumo-stars_dk","8":"first","9":"outofstock","10":"taxable","11":"shipping-taxable","12":"product-type-simple"},"aioseo_notices":[],"_links":{"self":[{"href":"https:\/\/games.tactic.net\/da\/wp-json\/wp\/v2\/product\/316887","targetHints":{"allow":["GET"]}}],"collection":[{"href":"https:\/\/games.tactic.net\/da\/wp-json\/wp\/v2\/product"}],"about":[{"href":"https:\/\/games.tactic.net\/da\/wp-json\/wp\/v2\/types\/product"}],"wp:attachment":[{"href":"https:\/\/games.tactic.net\/da\/wp-json\/wp\/v2\/media?parent=316887"}],"wp:term":[{"taxonomy":"product_brand","embeddable":true,"href":"https:\/\/games.tactic.net\/da\/wp-json\/wp\/v2\/product_brand?post=316887"},{"taxonomy":"product_cat","embeddable":true,"href":"https:\/\/games.tactic.net\/da\/wp-json\/wp\/v2\/product_cat?post=316887"},{"taxonomy":"product_tag","embeddable":true,"href":"https:\/\/games.tactic.net\/da\/wp-json\/wp\/v2\/product_tag?post=316887"},{"taxonomy":"brand","embeddable":true,"href":"https:\/\/games.tactic.net\/da\/wp-json\/wp\/v2\/brand?post=316887"},{"taxonomy":"target-group","embeddable":true,"href":"https:\/\/games.tactic.net\/da\/wp-json\/wp\/v2\/target-group?post=316887"},{"taxonomy":"discontinued","embeddable":true,"href":"https:\/\/games.tactic.net\/da\/wp-json\/wp\/v2\/discontinued?post=316887"}],"curies":[{"name":"wp","href":"https:\/\/api.w.org\/{rel}","templated":true}]}}