{"id":312039,"date":"2022-01-18T13:23:56","date_gmt":"2022-01-18T11:23:56","guid":{"rendered":"https:\/\/games.tactic.net\/tuote\/bagit\/"},"modified":"2022-02-08T09:21:41","modified_gmt":"2022-02-08T07:21:41","slug":"bagit","status":"archive","type":"product","link":"https:\/\/games.tactic.net\/da\/tuote\/bagit\/","title":{"rendered":"BAGit!"},"content":{"rendered":"<div>Del jer op i to hold, find et egnet sted og spil. Hvert hold pr\u00f8ver at spille deres \u00e6rtepose over i modstandernes m\u00e5lkurv, mens de forsvarer deres eget m\u00e5l!<\/div>\n<div><\/div>\n<div>\u2022 Et aktivt spil der s\u00e6tter jer igang.<\/div>\n<div>\u2022 Enkle regler medf\u00f8rer, at selv de yngste spillere morer sig.<\/div>\n<div>\u2022 Med to store m\u00e5lkurve i stof og to \u00e6rteposer.<\/div>\n","protected":false},"excerpt":{"rendered":"<p>Del jer op i to hold, find et egnet sted og spil. Hvert hold pr\u00f8ver at spille deres \u00e6rtepose over i modstandernes m\u00e5lkurv, mens de forsvarer deres eget m\u00e5l!<\/p>\n","protected":false},"featured_media":0,"template":"","meta":{"content-type":"","_monsterinsights_skip_tracking":false,"_monsterinsights_sitenote_active":false,"_monsterinsights_sitenote_note":"","_monsterinsights_sitenote_category":0},"product_brand":[],"product_cat":[1636],"product_tag":[],"brand":[],"target-group":[],"discontinued":[],"class_list":{"0":"post-312039","1":"product","2":"type-product","3":"status-archive","5":"product_cat-andre-udendoers-spil","7":"first","8":"outofstock","9":"taxable","10":"shipping-taxable","11":"product-type-simple"},"aioseo_notices":[],"_links":{"self":[{"href":"https:\/\/games.tactic.net\/da\/wp-json\/wp\/v2\/product\/312039","targetHints":{"allow":["GET"]}}],"collection":[{"href":"https:\/\/games.tactic.net\/da\/wp-json\/wp\/v2\/product"}],"about":[{"href":"https:\/\/games.tactic.net\/da\/wp-json\/wp\/v2\/types\/product"}],"wp:attachment":[{"href":"https:\/\/games.tactic.net\/da\/wp-json\/wp\/v2\/media?parent=312039"}],"wp:term":[{"taxonomy":"product_brand","embeddable":true,"href":"https:\/\/games.tactic.net\/da\/wp-json\/wp\/v2\/product_brand?post=312039"},{"taxonomy":"product_cat","embeddable":true,"href":"https:\/\/games.tactic.net\/da\/wp-json\/wp\/v2\/product_cat?post=312039"},{"taxonomy":"product_tag","embeddable":true,"href":"https:\/\/games.tactic.net\/da\/wp-json\/wp\/v2\/product_tag?post=312039"},{"taxonomy":"brand","embeddable":true,"href":"https:\/\/games.tactic.net\/da\/wp-json\/wp\/v2\/brand?post=312039"},{"taxonomy":"target-group","embeddable":true,"href":"https:\/\/games.tactic.net\/da\/wp-json\/wp\/v2\/target-group?post=312039"},{"taxonomy":"discontinued","embeddable":true,"href":"https:\/\/games.tactic.net\/da\/wp-json\/wp\/v2\/discontinued?post=312039"}],"curies":[{"name":"wp","href":"https:\/\/api.w.org\/{rel}","templated":true}]}}