{"id":309074,"date":"2022-01-18T12:33:01","date_gmt":"2022-01-18T10:33:01","guid":{"rendered":"https:\/\/games.tactic.net\/tuote\/matador-korsbaek\/"},"modified":"2023-10-17T15:47:48","modified_gmt":"2023-10-17T12:47:48","slug":"matador-korsbaek","status":"publish","type":"product","link":"https:\/\/games.tactic.net\/da\/tuote\/matador-korsbaek\/","title":{"rendered":"Tactic Matador Korsb\u00e6k"},"content":{"rendered":"<p>Med spillet Korsb\u00e6k kan du nu konkurrere med familie og venner om at v\u00e6re den bedste til at gennemg\u00e5 Mads Skjerns udvikling fra handels- rejsende til indehaver af et varehus i 3 etager.<\/p>\n","protected":false},"excerpt":{"rendered":"<p>Med spillet Korsb\u00e6k kan du nu konkurrere med familie og venner om at v\u00e6re den bedste til at gennemg\u00e5 Mads Skjerns udvikling fra handels- rejsende til indehaver af et varehus i 3 etager.<\/p>\n","protected":false},"featured_media":0,"template":"","meta":{"content-type":"","_monsterinsights_skip_tracking":false,"_monsterinsights_sitenote_active":false,"_monsterinsights_sitenote_note":"","_monsterinsights_sitenote_category":0},"product_brand":[],"product_cat":[1455],"product_tag":[],"brand":[],"target-group":[],"discontinued":[],"class_list":{"0":"post-309074","1":"product","2":"type-product","3":"status-publish","5":"product_cat-braetspil","7":"first","8":"instock","9":"taxable","10":"shipping-taxable","11":"product-type-simple"},"aioseo_notices":[],"_links":{"self":[{"href":"https:\/\/games.tactic.net\/da\/wp-json\/wp\/v2\/product\/309074","targetHints":{"allow":["GET"]}}],"collection":[{"href":"https:\/\/games.tactic.net\/da\/wp-json\/wp\/v2\/product"}],"about":[{"href":"https:\/\/games.tactic.net\/da\/wp-json\/wp\/v2\/types\/product"}],"wp:attachment":[{"href":"https:\/\/games.tactic.net\/da\/wp-json\/wp\/v2\/media?parent=309074"}],"wp:term":[{"taxonomy":"product_brand","embeddable":true,"href":"https:\/\/games.tactic.net\/da\/wp-json\/wp\/v2\/product_brand?post=309074"},{"taxonomy":"product_cat","embeddable":true,"href":"https:\/\/games.tactic.net\/da\/wp-json\/wp\/v2\/product_cat?post=309074"},{"taxonomy":"product_tag","embeddable":true,"href":"https:\/\/games.tactic.net\/da\/wp-json\/wp\/v2\/product_tag?post=309074"},{"taxonomy":"brand","embeddable":true,"href":"https:\/\/games.tactic.net\/da\/wp-json\/wp\/v2\/brand?post=309074"},{"taxonomy":"target-group","embeddable":true,"href":"https:\/\/games.tactic.net\/da\/wp-json\/wp\/v2\/target-group?post=309074"},{"taxonomy":"discontinued","embeddable":true,"href":"https:\/\/games.tactic.net\/da\/wp-json\/wp\/v2\/discontinued?post=309074"}],"curies":[{"name":"wp","href":"https:\/\/api.w.org\/{rel}","templated":true}]}}