{"id":308871,"date":"2022-01-18T12:18:35","date_gmt":"2022-01-18T10:18:35","guid":{"rendered":"https:\/\/games.tactic.net\/tuote\/rummy-rejseversion\/"},"modified":"2023-10-06T16:40:54","modified_gmt":"2023-10-06T13:40:54","slug":"rummy-rejseversion","status":"publish","type":"product","link":"https:\/\/games.tactic.net\/da\/tuote\/rummy-rejseversion\/","title":{"rendered":"Tactic Rummy rejsespil"},"content":{"rendered":"<p>Handy rejseversion af det klassiske Rummy-spil. Det g\u00e6lder om at have f\u00e6rrest kort p\u00e5 h\u00e5nden ved at l\u00e6gge dem i s\u00e6t p\u00e5 mindst 3 af en slags eller mindst 3 p\u00e5 r\u00e6kke.<\/p>\n","protected":false},"excerpt":{"rendered":"<p>Handy rejseversion af det klassiske Rummy-spil. Det g\u00e6lder om at have f\u00e6rrest kort p\u00e5 h\u00e5nden ved at l\u00e6gge dem i s\u00e6t p\u00e5 mindst 3 af en slags eller mindst 3 p\u00e5 r\u00e6kke.<\/p>\n","protected":false},"featured_media":0,"template":"","meta":{"content-type":"","_monsterinsights_skip_tracking":false,"_monsterinsights_sitenote_active":false,"_monsterinsights_sitenote_note":"","_monsterinsights_sitenote_category":0},"product_brand":[],"product_cat":[1585,2031],"product_tag":[1232,1237],"brand":[],"target-group":[],"discontinued":[],"class_list":{"0":"post-308871","1":"product","2":"type-product","3":"status-publish","5":"product_cat-rejsespil-familiespil","6":"product_cat-rejsespil","7":"product_tag-kombinere-da","8":"product_tag-strategi-da","10":"first","11":"instock","12":"taxable","13":"shipping-taxable","14":"product-type-simple"},"aioseo_notices":[],"_links":{"self":[{"href":"https:\/\/games.tactic.net\/da\/wp-json\/wp\/v2\/product\/308871","targetHints":{"allow":["GET"]}}],"collection":[{"href":"https:\/\/games.tactic.net\/da\/wp-json\/wp\/v2\/product"}],"about":[{"href":"https:\/\/games.tactic.net\/da\/wp-json\/wp\/v2\/types\/product"}],"wp:attachment":[{"href":"https:\/\/games.tactic.net\/da\/wp-json\/wp\/v2\/media?parent=308871"}],"wp:term":[{"taxonomy":"product_brand","embeddable":true,"href":"https:\/\/games.tactic.net\/da\/wp-json\/wp\/v2\/product_brand?post=308871"},{"taxonomy":"product_cat","embeddable":true,"href":"https:\/\/games.tactic.net\/da\/wp-json\/wp\/v2\/product_cat?post=308871"},{"taxonomy":"product_tag","embeddable":true,"href":"https:\/\/games.tactic.net\/da\/wp-json\/wp\/v2\/product_tag?post=308871"},{"taxonomy":"brand","embeddable":true,"href":"https:\/\/games.tactic.net\/da\/wp-json\/wp\/v2\/brand?post=308871"},{"taxonomy":"target-group","embeddable":true,"href":"https:\/\/games.tactic.net\/da\/wp-json\/wp\/v2\/target-group?post=308871"},{"taxonomy":"discontinued","embeddable":true,"href":"https:\/\/games.tactic.net\/da\/wp-json\/wp\/v2\/discontinued?post=308871"}],"curies":[{"name":"wp","href":"https:\/\/api.w.org\/{rel}","templated":true}]}}