{"id":308433,"date":"2022-01-18T12:15:27","date_gmt":"2022-01-18T10:15:27","guid":{"rendered":"https:\/\/games.tactic.net\/tuote\/maxi-yatzy\/"},"modified":"2023-10-25T14:48:03","modified_gmt":"2023-10-25T11:48:03","slug":"maxi-yatzy","status":"publish","type":"product","link":"https:\/\/games.tactic.net\/da\/tuote\/maxi-yatzy\/","title":{"rendered":"Tactic Maxi Yatzy"},"content":{"rendered":"<p>Yatzy er et gammelt og velkendt terningspil, som spilles med seks terninger. M\u00e5let er, at f\u00e5 s\u00e5 mange terningkombinationer p\u00e5 scorearket som muligt.<\/p>\n","protected":false},"excerpt":{"rendered":"<p>Yatzy er et gammelt og velkendt terningspil, som spilles med seks terninger. M\u00e5let er, at f\u00e5 s\u00e5 mange terningkombinationer p\u00e5 scorearket som muligt.<\/p>\n","protected":false},"featured_media":0,"template":"","meta":{"content-type":"","_monsterinsights_skip_tracking":false,"_monsterinsights_sitenote_active":false,"_monsterinsights_sitenote_note":"","_monsterinsights_sitenote_category":0},"product_brand":[],"product_cat":[359,1613],"product_tag":[],"brand":[],"target-group":[],"discontinued":[],"class_list":{"0":"post-308433","1":"product","2":"type-product","3":"status-publish","5":"product_cat-kort-og-terningspil","6":"product_cat-terning-og-kortspil","8":"first","9":"instock","10":"taxable","11":"shipping-taxable","12":"product-type-simple"},"aioseo_notices":[],"_links":{"self":[{"href":"https:\/\/games.tactic.net\/da\/wp-json\/wp\/v2\/product\/308433","targetHints":{"allow":["GET"]}}],"collection":[{"href":"https:\/\/games.tactic.net\/da\/wp-json\/wp\/v2\/product"}],"about":[{"href":"https:\/\/games.tactic.net\/da\/wp-json\/wp\/v2\/types\/product"}],"wp:attachment":[{"href":"https:\/\/games.tactic.net\/da\/wp-json\/wp\/v2\/media?parent=308433"}],"wp:term":[{"taxonomy":"product_brand","embeddable":true,"href":"https:\/\/games.tactic.net\/da\/wp-json\/wp\/v2\/product_brand?post=308433"},{"taxonomy":"product_cat","embeddable":true,"href":"https:\/\/games.tactic.net\/da\/wp-json\/wp\/v2\/product_cat?post=308433"},{"taxonomy":"product_tag","embeddable":true,"href":"https:\/\/games.tactic.net\/da\/wp-json\/wp\/v2\/product_tag?post=308433"},{"taxonomy":"brand","embeddable":true,"href":"https:\/\/games.tactic.net\/da\/wp-json\/wp\/v2\/brand?post=308433"},{"taxonomy":"target-group","embeddable":true,"href":"https:\/\/games.tactic.net\/da\/wp-json\/wp\/v2\/target-group?post=308433"},{"taxonomy":"discontinued","embeddable":true,"href":"https:\/\/games.tactic.net\/da\/wp-json\/wp\/v2\/discontinued?post=308433"}],"curies":[{"name":"wp","href":"https:\/\/api.w.org\/{rel}","templated":true}]}}