{"id":305547,"date":"2022-01-18T11:07:58","date_gmt":"2022-01-18T09:07:58","guid":{"rendered":"https:\/\/games.tactic.net\/tuote\/kubb-2\/"},"modified":"2023-10-17T19:30:11","modified_gmt":"2023-10-17T16:30:11","slug":"kubb-2","status":"publish","type":"product","link":"https:\/\/games.tactic.net\/da\/tuote\/kubb-2\/","title":{"rendered":"Tactic Active Play Kubb"},"content":{"rendered":"<p>Stil keglerne op og pr\u00f8v at ramme dem med pindene. Pas dog p\u00e5 at du ikke rammer kongen f\u00f8rst, for s\u00e5 taber du spillet.<\/p>\n","protected":false},"excerpt":{"rendered":"<p>Stil keglerne op og pr\u00f8v at ramme dem med pindene. Pas dog p\u00e5 at du ikke rammer kongen f\u00f8rst, for s\u00e5 taber du spillet.<\/p>\n","protected":false},"featured_media":0,"template":"","meta":{"content-type":"","_monsterinsights_skip_tracking":false,"_monsterinsights_sitenote_active":false,"_monsterinsights_sitenote_note":"","_monsterinsights_sitenote_category":0},"product_brand":[],"product_cat":[1628,1627],"product_tag":[1250],"brand":[],"target-group":[],"discontinued":[],"class_list":{"0":"post-305547","1":"product","2":"type-product","3":"status-publish","5":"product_cat-active-play-bornespil","6":"product_cat-active-play-udendoers-spil","7":"product_tag-faerdighed-da","9":"first","10":"instock","11":"taxable","12":"shipping-taxable","13":"product-type-simple"},"aioseo_notices":[],"_links":{"self":[{"href":"https:\/\/games.tactic.net\/da\/wp-json\/wp\/v2\/product\/305547","targetHints":{"allow":["GET"]}}],"collection":[{"href":"https:\/\/games.tactic.net\/da\/wp-json\/wp\/v2\/product"}],"about":[{"href":"https:\/\/games.tactic.net\/da\/wp-json\/wp\/v2\/types\/product"}],"wp:attachment":[{"href":"https:\/\/games.tactic.net\/da\/wp-json\/wp\/v2\/media?parent=305547"}],"wp:term":[{"taxonomy":"product_brand","embeddable":true,"href":"https:\/\/games.tactic.net\/da\/wp-json\/wp\/v2\/product_brand?post=305547"},{"taxonomy":"product_cat","embeddable":true,"href":"https:\/\/games.tactic.net\/da\/wp-json\/wp\/v2\/product_cat?post=305547"},{"taxonomy":"product_tag","embeddable":true,"href":"https:\/\/games.tactic.net\/da\/wp-json\/wp\/v2\/product_tag?post=305547"},{"taxonomy":"brand","embeddable":true,"href":"https:\/\/games.tactic.net\/da\/wp-json\/wp\/v2\/brand?post=305547"},{"taxonomy":"target-group","embeddable":true,"href":"https:\/\/games.tactic.net\/da\/wp-json\/wp\/v2\/target-group?post=305547"},{"taxonomy":"discontinued","embeddable":true,"href":"https:\/\/games.tactic.net\/da\/wp-json\/wp\/v2\/discontinued?post=305547"}],"curies":[{"name":"wp","href":"https:\/\/api.w.org\/{rel}","templated":true}]}}