{"id":303096,"date":"2022-01-17T16:20:08","date_gmt":"2022-01-17T14:20:08","guid":{"rendered":"https:\/\/games.tactic.net\/tuote\/lumo-stars-rattle-toy-bunny\/"},"modified":"2023-10-20T11:09:30","modified_gmt":"2023-10-20T08:09:30","slug":"lumo-stars-rattle-toy-bunny","status":"publish","type":"product","link":"https:\/\/games.tactic.net\/da\/tuote\/lumo-stars-rattle-toy-bunny\/","title":{"rendered":"Lumo Stars rattle toy Bunny plush"},"content":{"rendered":"<p>Lumo Stars ringende babyleget\u00f8j Bunny. Den yndige kanin er bl\u00f8dt fl\u00f8jl, og dens \u00f8rer er spr\u00f8de. www.lumostars.com<\/p>\n<p>Lumo Stars Velvet er en produktlinje fyldt med superbl\u00f8de og s\u00f8de plysdyr i velour.<\/p>\n","protected":false},"excerpt":{"rendered":"<p>Lumo Stars ringende babyleget\u00f8j Bunny. Den yndige kanin er bl\u00f8dt fl\u00f8jl, og dens \u00f8rer er spr\u00f8de. www.lumostars.com Lumo Stars Velvet er en produktlinje fyldt med superbl\u00f8de og s\u00f8de plysdyr i velour.<\/p>\n","protected":false},"featured_media":0,"template":"","meta":{"content-type":"","_monsterinsights_skip_tracking":false,"_monsterinsights_sitenote_active":false,"_monsterinsights_sitenote_note":"","_monsterinsights_sitenote_category":0},"product_brand":[],"product_cat":[1644],"product_tag":[1262],"brand":[{"id":1020,"name":"Lumo Stars","slug":"lumo-stars_dk"}],"target-group":[],"discontinued":[],"class_list":{"0":"post-303096","1":"product","2":"type-product","3":"status-publish","5":"product_cat-velvet-bamser-lumo-stars-6","6":"product_tag-lumo-stars-da","7":"brand-lumo-stars_dk","9":"first","10":"instock","11":"taxable","12":"shipping-taxable","13":"product-type-simple"},"aioseo_notices":[],"_links":{"self":[{"href":"https:\/\/games.tactic.net\/da\/wp-json\/wp\/v2\/product\/303096","targetHints":{"allow":["GET"]}}],"collection":[{"href":"https:\/\/games.tactic.net\/da\/wp-json\/wp\/v2\/product"}],"about":[{"href":"https:\/\/games.tactic.net\/da\/wp-json\/wp\/v2\/types\/product"}],"wp:attachment":[{"href":"https:\/\/games.tactic.net\/da\/wp-json\/wp\/v2\/media?parent=303096"}],"wp:term":[{"taxonomy":"product_brand","embeddable":true,"href":"https:\/\/games.tactic.net\/da\/wp-json\/wp\/v2\/product_brand?post=303096"},{"taxonomy":"product_cat","embeddable":true,"href":"https:\/\/games.tactic.net\/da\/wp-json\/wp\/v2\/product_cat?post=303096"},{"taxonomy":"product_tag","embeddable":true,"href":"https:\/\/games.tactic.net\/da\/wp-json\/wp\/v2\/product_tag?post=303096"},{"taxonomy":"brand","embeddable":true,"href":"https:\/\/games.tactic.net\/da\/wp-json\/wp\/v2\/brand?post=303096"},{"taxonomy":"target-group","embeddable":true,"href":"https:\/\/games.tactic.net\/da\/wp-json\/wp\/v2\/target-group?post=303096"},{"taxonomy":"discontinued","embeddable":true,"href":"https:\/\/games.tactic.net\/da\/wp-json\/wp\/v2\/discontinued?post=303096"}],"curies":[{"name":"wp","href":"https:\/\/api.w.org\/{rel}","templated":true}]}}