{"id":299693,"date":"2022-01-17T15:37:58","date_gmt":"2022-01-17T13:37:58","guid":{"rendered":"https:\/\/games.tactic.net\/tuote\/go-go-eskimo\/"},"modified":"2023-09-19T09:47:30","modified_gmt":"2023-09-19T06:47:30","slug":"go-go-eskimo","status":"archive","type":"product","link":"https:\/\/games.tactic.net\/da\/tuote\/go-go-eskimo\/","title":{"rendered":"Go Go Eskimo"},"content":{"rendered":"<div>Flyt eventyrerne langs deres stier, og pr\u00f8v at samle s\u00e5 mange fiskeskiver af samme slags som muligt! Spilleren med den st\u00f8rste fangst ved slutningen af spillet vinder! Brug en lille smule strategi, og lad den bedste vinde i dette eventyr for hele familien!<\/div>\n<div><\/div>\n<div>\u2022 Leveres med tr\u00e6brikker i h\u00f8j kvalitet samt en isbj\u00f8rn.<\/div>\n<div>\u2022 Isbj\u00f8rnen skaber mere sp\u00e6nding.<\/div>\n<div>\u2022 Sp\u00e6ndende spil designet af en prisbel\u00f8nnet spildesigner.<\/div>\n","protected":false},"excerpt":{"rendered":"<div>Flyt eventyrerne langs deres stier, og pr\u00f8v at samle s\u00e5 mange fiskeskiver af samme slags som muligt! Spilleren med den st\u00f8rste fangst ved slutningen af spillet vinder! Brug en lille smule strategi, og lad den bedste vinde i dette eventyr for hele familien!<\/div>\n","protected":false},"featured_media":0,"template":"","meta":{"content-type":"","_monsterinsights_skip_tracking":false,"_monsterinsights_sitenote_active":false,"_monsterinsights_sitenote_note":"","_monsterinsights_sitenote_category":0},"product_brand":[],"product_cat":[1455,2088],"product_tag":[994,895],"brand":[],"target-group":[],"discontinued":[],"class_list":{"0":"post-299693","1":"product","2":"type-product","3":"status-archive","5":"product_cat-braetspil","6":"product_cat-outlet-4","7":"product_tag-sammen","8":"product_tag-taktik","10":"first","11":"instock","12":"sale","13":"taxable","14":"shipping-taxable","15":"product-type-simple"},"aioseo_notices":[],"_links":{"self":[{"href":"https:\/\/games.tactic.net\/da\/wp-json\/wp\/v2\/product\/299693","targetHints":{"allow":["GET"]}}],"collection":[{"href":"https:\/\/games.tactic.net\/da\/wp-json\/wp\/v2\/product"}],"about":[{"href":"https:\/\/games.tactic.net\/da\/wp-json\/wp\/v2\/types\/product"}],"wp:attachment":[{"href":"https:\/\/games.tactic.net\/da\/wp-json\/wp\/v2\/media?parent=299693"}],"wp:term":[{"taxonomy":"product_brand","embeddable":true,"href":"https:\/\/games.tactic.net\/da\/wp-json\/wp\/v2\/product_brand?post=299693"},{"taxonomy":"product_cat","embeddable":true,"href":"https:\/\/games.tactic.net\/da\/wp-json\/wp\/v2\/product_cat?post=299693"},{"taxonomy":"product_tag","embeddable":true,"href":"https:\/\/games.tactic.net\/da\/wp-json\/wp\/v2\/product_tag?post=299693"},{"taxonomy":"brand","embeddable":true,"href":"https:\/\/games.tactic.net\/da\/wp-json\/wp\/v2\/brand?post=299693"},{"taxonomy":"target-group","embeddable":true,"href":"https:\/\/games.tactic.net\/da\/wp-json\/wp\/v2\/target-group?post=299693"},{"taxonomy":"discontinued","embeddable":true,"href":"https:\/\/games.tactic.net\/da\/wp-json\/wp\/v2\/discontinued?post=299693"}],"curies":[{"name":"wp","href":"https:\/\/api.w.org\/{rel}","templated":true}]}}