{"id":299636,"date":"2022-01-17T15:37:41","date_gmt":"2022-01-17T13:37:41","guid":{"rendered":"https:\/\/games.tactic.net\/tuote\/gold-armada\/"},"modified":"2023-06-30T12:49:56","modified_gmt":"2023-06-30T09:49:56","slug":"gold-armada","status":"archive","type":"product","link":"https:\/\/games.tactic.net\/da\/tuote\/gold-armada\/","title":{"rendered":"Gold Armada"},"content":{"rendered":"<div>Kast terningen og saml s\u00e5 mange guldm\u00f8nter som muligt. Jo bedre kast, jo nemmere er det at f\u00e5 flere m\u00f8nter. Gode kast bel\u00f8nnes med guld, men d\u00e5rlige kast medf\u00f8rer et d\u00f8dningehoved.<\/div>\n<div><\/div>\n<div>\u2022 Ukompliceret spil som bliver mere udfordrende under spillets gang.<\/div>\n<div>\u2022 Passer til hele familien.<\/div>\n<div>\u2022 Smuk og farverig spilleplade.<\/div>\n","protected":false},"excerpt":{"rendered":"<p>Kast terningen og saml s\u00e5 mange guldm\u00f8nter som muligt. Jo bedre kast, jo nemmere er det at f\u00e5 flere m\u00f8nter. Gode kast bel\u00f8nnes med guld, men d\u00e5rlige kast medf\u00f8rer et d\u00f8dningehoved.<\/p>\n","protected":false},"featured_media":0,"template":"","meta":{"content-type":"","_monsterinsights_skip_tracking":false,"_monsterinsights_sitenote_active":false,"_monsterinsights_sitenote_note":"","_monsterinsights_sitenote_category":0},"product_brand":[],"product_cat":[1455],"product_tag":[358,895],"brand":[],"target-group":[],"discontinued":[],"class_list":{"0":"post-299636","1":"product","2":"type-product","3":"status-archive","5":"product_cat-braetspil","6":"product_tag-beregning","7":"product_tag-taktik","9":"first","10":"outofstock","11":"taxable","12":"shipping-taxable","13":"product-type-simple"},"aioseo_notices":[],"_links":{"self":[{"href":"https:\/\/games.tactic.net\/da\/wp-json\/wp\/v2\/product\/299636","targetHints":{"allow":["GET"]}}],"collection":[{"href":"https:\/\/games.tactic.net\/da\/wp-json\/wp\/v2\/product"}],"about":[{"href":"https:\/\/games.tactic.net\/da\/wp-json\/wp\/v2\/types\/product"}],"wp:attachment":[{"href":"https:\/\/games.tactic.net\/da\/wp-json\/wp\/v2\/media?parent=299636"}],"wp:term":[{"taxonomy":"product_brand","embeddable":true,"href":"https:\/\/games.tactic.net\/da\/wp-json\/wp\/v2\/product_brand?post=299636"},{"taxonomy":"product_cat","embeddable":true,"href":"https:\/\/games.tactic.net\/da\/wp-json\/wp\/v2\/product_cat?post=299636"},{"taxonomy":"product_tag","embeddable":true,"href":"https:\/\/games.tactic.net\/da\/wp-json\/wp\/v2\/product_tag?post=299636"},{"taxonomy":"brand","embeddable":true,"href":"https:\/\/games.tactic.net\/da\/wp-json\/wp\/v2\/brand?post=299636"},{"taxonomy":"target-group","embeddable":true,"href":"https:\/\/games.tactic.net\/da\/wp-json\/wp\/v2\/target-group?post=299636"},{"taxonomy":"discontinued","embeddable":true,"href":"https:\/\/games.tactic.net\/da\/wp-json\/wp\/v2\/discontinued?post=299636"}],"curies":[{"name":"wp","href":"https:\/\/api.w.org\/{rel}","templated":true}]}}