{"id":291667,"date":"2022-01-17T13:18:59","date_gmt":"2022-01-17T11:18:59","guid":{"rendered":"https:\/\/games.tactic.net\/tuote\/iknow-family\/"},"modified":"2022-11-02T12:41:52","modified_gmt":"2022-11-02T10:41:52","slug":"iknow-family","status":"publish","type":"product","link":"https:\/\/games.tactic.net\/da\/tuote\/iknow-family\/","title":{"rendered":"Tactic iKNOW Family board game"},"content":{"rendered":"<p>I dette innovative trivia-spil besvarer spillerne sp\u00f8rgsm\u00e5l fra fire forskellige kategorier, mens de andre spillere satser p\u00e5, om deres svar er rigtigt eller ej. Men der er en drejning &#8211; hvis du tror, du ved bedre, kan du ogs\u00e5 pr\u00f8ve at f\u00e5 fat i nogle point til dig selv!<\/p>\n","protected":false},"excerpt":{"rendered":"<p>I dette innovative trivia-spil besvarer spillerne sp\u00f8rgsm\u00e5l fra fire forskellige kategorier, mens de andre spillere satser p\u00e5, om deres svar er rigtigt eller ej. Men der er en drejning &#8211; hvis du tror, du ved bedre, kan du ogs\u00e5 pr\u00f8ve at f\u00e5 fat i nogle point til dig selv!<\/p>\n","protected":false},"featured_media":0,"template":"","meta":{"content-type":"","_monsterinsights_skip_tracking":false,"_monsterinsights_sitenote_active":false,"_monsterinsights_sitenote_note":"","_monsterinsights_sitenote_category":0},"product_brand":[],"product_cat":[1589],"product_tag":[1198],"brand":[{"id":2104,"name":"iKNOW","slug":"iknow_dk"}],"target-group":[],"discontinued":[],"class_list":{"0":"post-291667","1":"product","2":"type-product","3":"status-publish","5":"product_cat-quiz-spil-familiespil","6":"product_tag-viden","7":"brand-iknow_dk","9":"first","10":"instock","11":"taxable","12":"shipping-taxable","13":"product-type-simple"},"aioseo_notices":[],"_links":{"self":[{"href":"https:\/\/games.tactic.net\/da\/wp-json\/wp\/v2\/product\/291667","targetHints":{"allow":["GET"]}}],"collection":[{"href":"https:\/\/games.tactic.net\/da\/wp-json\/wp\/v2\/product"}],"about":[{"href":"https:\/\/games.tactic.net\/da\/wp-json\/wp\/v2\/types\/product"}],"wp:attachment":[{"href":"https:\/\/games.tactic.net\/da\/wp-json\/wp\/v2\/media?parent=291667"}],"wp:term":[{"taxonomy":"product_brand","embeddable":true,"href":"https:\/\/games.tactic.net\/da\/wp-json\/wp\/v2\/product_brand?post=291667"},{"taxonomy":"product_cat","embeddable":true,"href":"https:\/\/games.tactic.net\/da\/wp-json\/wp\/v2\/product_cat?post=291667"},{"taxonomy":"product_tag","embeddable":true,"href":"https:\/\/games.tactic.net\/da\/wp-json\/wp\/v2\/product_tag?post=291667"},{"taxonomy":"brand","embeddable":true,"href":"https:\/\/games.tactic.net\/da\/wp-json\/wp\/v2\/brand?post=291667"},{"taxonomy":"target-group","embeddable":true,"href":"https:\/\/games.tactic.net\/da\/wp-json\/wp\/v2\/target-group?post=291667"},{"taxonomy":"discontinued","embeddable":true,"href":"https:\/\/games.tactic.net\/da\/wp-json\/wp\/v2\/discontinued?post=291667"}],"curies":[{"name":"wp","href":"https:\/\/api.w.org\/{rel}","templated":true}]}}