{"id":291652,"date":"2022-01-17T13:18:38","date_gmt":"2022-01-17T11:18:38","guid":{"rendered":"https:\/\/games.tactic.net\/tuote\/iknow-hit-list\/"},"modified":"2023-06-30T12:49:19","modified_gmt":"2023-06-30T09:49:19","slug":"iknow-hit-list","status":"archive","type":"product","link":"https:\/\/games.tactic.net\/da\/tuote\/iknow-hit-list\/","title":{"rendered":"iKNOW Hit List"},"content":{"rendered":"<p>F\u00e5 gang i hukommelsen og pr\u00f8v at finde p\u00e5 s\u00e5 mange ord som muligt i et bestemt emne, mens de andre spillere g\u00e6tter p\u00e5, hvor godt du klarer dig.<\/p>\n<div><\/div>\n<div>\u2022 En ny og hurtig version af det klassiske iKNOW<\/div>\n<div>\u2022 Brug din fantasi og g\u00e6t rigtigt for at score point<\/div>\n<div>\u2022 En morsom dyst med vennerne eller familien<\/div>\n","protected":false},"excerpt":{"rendered":"<p>F\u00e5 gang i hukommelsen og pr\u00f8v at finde p\u00e5 s\u00e5 mange ord som muligt i et bestemt emne, mens de andre spillere g\u00e6tter p\u00e5, hvor godt du klarer dig.<\/p>\n","protected":false},"featured_media":0,"template":"","meta":{"content-type":"","_monsterinsights_skip_tracking":false,"_monsterinsights_sitenote_active":false,"_monsterinsights_sitenote_note":"","_monsterinsights_sitenote_category":0},"product_brand":[],"product_cat":[1589],"product_tag":[1198],"brand":[{"id":2104,"name":"iKNOW","slug":"iknow_dk"}],"target-group":[],"discontinued":[],"class_list":{"0":"post-291652","1":"product","2":"type-product","3":"status-archive","5":"product_cat-quiz-spil-familiespil","6":"product_tag-viden","7":"brand-iknow_dk","9":"first","10":"outofstock","11":"taxable","12":"shipping-taxable","13":"product-type-simple"},"aioseo_notices":[],"_links":{"self":[{"href":"https:\/\/games.tactic.net\/da\/wp-json\/wp\/v2\/product\/291652","targetHints":{"allow":["GET"]}}],"collection":[{"href":"https:\/\/games.tactic.net\/da\/wp-json\/wp\/v2\/product"}],"about":[{"href":"https:\/\/games.tactic.net\/da\/wp-json\/wp\/v2\/types\/product"}],"wp:attachment":[{"href":"https:\/\/games.tactic.net\/da\/wp-json\/wp\/v2\/media?parent=291652"}],"wp:term":[{"taxonomy":"product_brand","embeddable":true,"href":"https:\/\/games.tactic.net\/da\/wp-json\/wp\/v2\/product_brand?post=291652"},{"taxonomy":"product_cat","embeddable":true,"href":"https:\/\/games.tactic.net\/da\/wp-json\/wp\/v2\/product_cat?post=291652"},{"taxonomy":"product_tag","embeddable":true,"href":"https:\/\/games.tactic.net\/da\/wp-json\/wp\/v2\/product_tag?post=291652"},{"taxonomy":"brand","embeddable":true,"href":"https:\/\/games.tactic.net\/da\/wp-json\/wp\/v2\/brand?post=291652"},{"taxonomy":"target-group","embeddable":true,"href":"https:\/\/games.tactic.net\/da\/wp-json\/wp\/v2\/target-group?post=291652"},{"taxonomy":"discontinued","embeddable":true,"href":"https:\/\/games.tactic.net\/da\/wp-json\/wp\/v2\/discontinued?post=291652"}],"curies":[{"name":"wp","href":"https:\/\/api.w.org\/{rel}","templated":true}]}}