{"id":291539,"date":"2022-01-17T13:16:44","date_gmt":"2022-01-17T11:16:44","guid":{"rendered":"https:\/\/games.tactic.net\/tuote\/hvad-ved-du-om-danmark\/"},"modified":"2022-01-18T12:11:34","modified_gmt":"2022-01-18T10:11:34","slug":"hvad-ved-du-om-danmark","status":"archive","type":"product","link":"https:\/\/games.tactic.net\/da\/tuote\/hvad-ved-du-om-danmark\/","title":{"rendered":"Hvad ved du om Danmark?"},"content":{"rendered":"<p>400 kort med i alt 2400 sp\u00f8rgsm\u00e5l om Danmark inddelt i kategorierne: Historie, Almen viden, Sport, Kultur, Natur og Geografi. Test din viden om dit eget land og se hvem der f\u00f8rst f\u00e5r samlet sit Danmarkskort. Et fantastisk sp\u00e6ndende spil, som virkelig udfordrer den videbeg\u00e6rlige deltager.<\/p>\n","protected":false},"excerpt":{"rendered":"<p>400 kort med i alt 2400 sp\u00f8rgsm\u00e5l om Danmark inddelt i kategorierne: Historie, Almen viden, Sport, Kultur, Natur og Geografi. Test din viden om dit eget land og se hvem der f\u00f8rst f\u00e5r samlet sit Danmarkskort.<\/p>\n","protected":false},"featured_media":0,"template":"","meta":{"content-type":"","_monsterinsights_skip_tracking":false,"_monsterinsights_sitenote_active":false,"_monsterinsights_sitenote_note":"","_monsterinsights_sitenote_category":0},"product_brand":[],"product_cat":[1589],"product_tag":[],"brand":[],"target-group":[],"discontinued":[],"class_list":{"0":"post-291539","1":"product","2":"type-product","3":"status-archive","5":"product_cat-quiz-spil-familiespil","7":"first","8":"outofstock","9":"taxable","10":"shipping-taxable","11":"product-type-simple"},"aioseo_notices":[],"_links":{"self":[{"href":"https:\/\/games.tactic.net\/da\/wp-json\/wp\/v2\/product\/291539","targetHints":{"allow":["GET"]}}],"collection":[{"href":"https:\/\/games.tactic.net\/da\/wp-json\/wp\/v2\/product"}],"about":[{"href":"https:\/\/games.tactic.net\/da\/wp-json\/wp\/v2\/types\/product"}],"wp:attachment":[{"href":"https:\/\/games.tactic.net\/da\/wp-json\/wp\/v2\/media?parent=291539"}],"wp:term":[{"taxonomy":"product_brand","embeddable":true,"href":"https:\/\/games.tactic.net\/da\/wp-json\/wp\/v2\/product_brand?post=291539"},{"taxonomy":"product_cat","embeddable":true,"href":"https:\/\/games.tactic.net\/da\/wp-json\/wp\/v2\/product_cat?post=291539"},{"taxonomy":"product_tag","embeddable":true,"href":"https:\/\/games.tactic.net\/da\/wp-json\/wp\/v2\/product_tag?post=291539"},{"taxonomy":"brand","embeddable":true,"href":"https:\/\/games.tactic.net\/da\/wp-json\/wp\/v2\/brand?post=291539"},{"taxonomy":"target-group","embeddable":true,"href":"https:\/\/games.tactic.net\/da\/wp-json\/wp\/v2\/target-group?post=291539"},{"taxonomy":"discontinued","embeddable":true,"href":"https:\/\/games.tactic.net\/da\/wp-json\/wp\/v2\/discontinued?post=291539"}],"curies":[{"name":"wp","href":"https:\/\/api.w.org\/{rel}","templated":true}]}}