{"id":290850,"date":"2022-01-17T13:00:10","date_gmt":"2022-01-17T11:00:10","guid":{"rendered":"https:\/\/games.tactic.net\/tuote\/junior-party-alias\/"},"modified":"2023-06-30T12:30:09","modified_gmt":"2023-06-30T09:30:09","slug":"junior-party-alias","status":"archive","type":"product","link":"https:\/\/games.tactic.net\/da\/tuote\/junior-party-alias\/","title":{"rendered":"Junior Party Alias"},"content":{"rendered":"<p>Forklar og g\u00e6t ord sammen med de andre spillere ved at imitere det du ser p\u00e5 kortene. Hvis de andre spillere ikke kan g\u00e6tte, hvad du pr\u00f8ver at formidle, kan de lede efter det rigtige billede p\u00e5 spillepladen.<\/p>\n<ul>\n<li>Kul\u00f8rt spilleplade med masser af sk\u00f8nne detaljer.<\/li>\n<li>Lykkehjulet speeder tempoet op.\n<\/li>\n<li>Et klassisk ordforklaringsspil med overraskelser!<\/li>\n<\/ul>\n","protected":false},"excerpt":{"rendered":"<p>Forklar og g\u00e6t ord sammen med de andre spillere ved at imitere det du ser p\u00e5 kortene. Hvis de andre spillere ikke kan g\u00e6tte, hvad du pr\u00f8ver at formidle, kan de lede efter det rigtige billede p\u00e5 spillepladen.<\/p>\n","protected":false},"featured_media":0,"template":"","meta":{"content-type":"","_monsterinsights_skip_tracking":false,"_monsterinsights_sitenote_active":false,"_monsterinsights_sitenote_note":"","_monsterinsights_sitenote_category":0},"product_brand":[],"product_cat":[1574],"product_tag":[],"brand":[],"target-group":[],"discontinued":[],"class_list":{"0":"post-290850","1":"product","2":"type-product","3":"status-archive","5":"product_cat-boerne-braetspil","7":"first","8":"outofstock","9":"taxable","10":"shipping-taxable","11":"product-type-simple"},"aioseo_notices":[],"_links":{"self":[{"href":"https:\/\/games.tactic.net\/da\/wp-json\/wp\/v2\/product\/290850","targetHints":{"allow":["GET"]}}],"collection":[{"href":"https:\/\/games.tactic.net\/da\/wp-json\/wp\/v2\/product"}],"about":[{"href":"https:\/\/games.tactic.net\/da\/wp-json\/wp\/v2\/types\/product"}],"wp:attachment":[{"href":"https:\/\/games.tactic.net\/da\/wp-json\/wp\/v2\/media?parent=290850"}],"wp:term":[{"taxonomy":"product_brand","embeddable":true,"href":"https:\/\/games.tactic.net\/da\/wp-json\/wp\/v2\/product_brand?post=290850"},{"taxonomy":"product_cat","embeddable":true,"href":"https:\/\/games.tactic.net\/da\/wp-json\/wp\/v2\/product_cat?post=290850"},{"taxonomy":"product_tag","embeddable":true,"href":"https:\/\/games.tactic.net\/da\/wp-json\/wp\/v2\/product_tag?post=290850"},{"taxonomy":"brand","embeddable":true,"href":"https:\/\/games.tactic.net\/da\/wp-json\/wp\/v2\/brand?post=290850"},{"taxonomy":"target-group","embeddable":true,"href":"https:\/\/games.tactic.net\/da\/wp-json\/wp\/v2\/target-group?post=290850"},{"taxonomy":"discontinued","embeddable":true,"href":"https:\/\/games.tactic.net\/da\/wp-json\/wp\/v2\/discontinued?post=290850"}],"curies":[{"name":"wp","href":"https:\/\/api.w.org\/{rel}","templated":true}]}}