{"id":218255,"date":"2021-10-27T12:31:23","date_gmt":"2021-10-27T09:31:23","guid":{"rendered":"http:\/\/dev.tactic.net\/tuote\/mb-sprinter-dhl-with-hand-pallet-truck-and-2-pallets\/"},"modified":"2022-06-02T12:49:53","modified_gmt":"2022-06-02T09:49:53","slug":"mb-sprinter-dhl-with-hand-pallet-truck-and-2-pallets","status":"archive","type":"product","link":"https:\/\/games.tactic.net\/da\/tuote\/mb-sprinter-dhl-with-hand-pallet-truck-and-2-pallets\/","title":{"rendered":"MB Sprinter DHL with hand pallet truck and 2 pallets"},"content":{"rendered":"<p>Mercedes Benz Sprinter varebil med DHL skilte er udstyret med dobbelte bagd\u00f8re. Mindre pakker kan let tages ud af sided\u00f8ren. Varebilen kommer med en pallel\u00f8fter samt to paller.<\/p>\n","protected":false},"excerpt":{"rendered":"<p>Mercedes Benz Sprinter varebil med DHL skilte er udstyret med dobbelte bagd\u00f8re. Mindre pakker kan let tages ud af sided\u00f8ren. Varebilen kommer med en pallel\u00f8fter samt to paller.<\/p>\n","protected":false},"featured_media":0,"template":"","meta":{"content-type":"","_monsterinsights_skip_tracking":false,"_monsterinsights_sitenote_active":false,"_monsterinsights_sitenote_note":"","_monsterinsights_sitenote_category":0},"product_brand":[],"product_cat":[1498],"product_tag":[],"brand":[],"target-group":[],"discontinued":[],"class_list":{"0":"post-218255","1":"product","2":"type-product","3":"status-archive","5":"product_cat-bruder-legetoej","7":"first","8":"outofstock","9":"taxable","10":"shipping-taxable","11":"product-type-simple"},"aioseo_notices":[],"_links":{"self":[{"href":"https:\/\/games.tactic.net\/da\/wp-json\/wp\/v2\/product\/218255","targetHints":{"allow":["GET"]}}],"collection":[{"href":"https:\/\/games.tactic.net\/da\/wp-json\/wp\/v2\/product"}],"about":[{"href":"https:\/\/games.tactic.net\/da\/wp-json\/wp\/v2\/types\/product"}],"wp:attachment":[{"href":"https:\/\/games.tactic.net\/da\/wp-json\/wp\/v2\/media?parent=218255"}],"wp:term":[{"taxonomy":"product_brand","embeddable":true,"href":"https:\/\/games.tactic.net\/da\/wp-json\/wp\/v2\/product_brand?post=218255"},{"taxonomy":"product_cat","embeddable":true,"href":"https:\/\/games.tactic.net\/da\/wp-json\/wp\/v2\/product_cat?post=218255"},{"taxonomy":"product_tag","embeddable":true,"href":"https:\/\/games.tactic.net\/da\/wp-json\/wp\/v2\/product_tag?post=218255"},{"taxonomy":"brand","embeddable":true,"href":"https:\/\/games.tactic.net\/da\/wp-json\/wp\/v2\/brand?post=218255"},{"taxonomy":"target-group","embeddable":true,"href":"https:\/\/games.tactic.net\/da\/wp-json\/wp\/v2\/target-group?post=218255"},{"taxonomy":"discontinued","embeddable":true,"href":"https:\/\/games.tactic.net\/da\/wp-json\/wp\/v2\/discontinued?post=218255"}],"curies":[{"name":"wp","href":"https:\/\/api.w.org\/{rel}","templated":true}]}}