{"id":218112,"date":"2021-10-26T11:14:52","date_gmt":"2021-10-26T08:14:52","guid":{"rendered":"http:\/\/dev.tactic.net\/tuote\/police-motorbike-light-and-sound-2\/"},"modified":"2025-11-05T09:24:37","modified_gmt":"2025-11-05T07:24:37","slug":"police-motorbike-light-and-sound-2","status":"archive","type":"product","link":"https:\/\/games.tactic.net\/da\/tuote\/police-motorbike-light-and-sound-2\/","title":{"rendered":"Teamsterz Small Police Motorcycle with LS toy"},"content":{"rendered":"<p>Forbryderne har ikke en chance mod den lynhurtige politimotorcykel! Tryk p\u00e5 knapperne p\u00e5 siden for at aktivere sirenen og de bl\u00e5 blink \u2013 S\u00e5 kan folk bare komme af banen! En rigtig sej motorcykel, som de sm\u00e5 vil elske at lege med. Hj\u00e6lper udviklingen af \u200b\u200bdit lille barns sociale og finmotoriske f\u00e6rdigheder, da de er den perfekte st\u00f8rrelse for sm\u00e5 h\u00e6nder at skubbe med Batterier medf\u00f8lger 3 x LR44\/AG13. Fra 3 \u00e5r.<\/p>\n","protected":false},"excerpt":{"rendered":"<p>Teamsterz Mighty Machines Politi motorcykel med lys og lyd<\/p>\n","protected":false},"featured_media":0,"template":"","meta":{"content-type":"","_monsterinsights_skip_tracking":false,"_monsterinsights_sitenote_active":false,"_monsterinsights_sitenote_note":"","_monsterinsights_sitenote_category":0},"product_brand":[],"product_cat":[1615],"product_tag":[],"brand":[],"target-group":[],"discontinued":[],"class_list":{"0":"post-218112","1":"product","2":"type-product","3":"status-archive","5":"product_cat-teamsterz-legetoej","7":"first","8":"outofstock","9":"taxable","10":"shipping-taxable","11":"product-type-simple"},"aioseo_notices":[],"_links":{"self":[{"href":"https:\/\/games.tactic.net\/da\/wp-json\/wp\/v2\/product\/218112","targetHints":{"allow":["GET"]}}],"collection":[{"href":"https:\/\/games.tactic.net\/da\/wp-json\/wp\/v2\/product"}],"about":[{"href":"https:\/\/games.tactic.net\/da\/wp-json\/wp\/v2\/types\/product"}],"wp:attachment":[{"href":"https:\/\/games.tactic.net\/da\/wp-json\/wp\/v2\/media?parent=218112"}],"wp:term":[{"taxonomy":"product_brand","embeddable":true,"href":"https:\/\/games.tactic.net\/da\/wp-json\/wp\/v2\/product_brand?post=218112"},{"taxonomy":"product_cat","embeddable":true,"href":"https:\/\/games.tactic.net\/da\/wp-json\/wp\/v2\/product_cat?post=218112"},{"taxonomy":"product_tag","embeddable":true,"href":"https:\/\/games.tactic.net\/da\/wp-json\/wp\/v2\/product_tag?post=218112"},{"taxonomy":"brand","embeddable":true,"href":"https:\/\/games.tactic.net\/da\/wp-json\/wp\/v2\/brand?post=218112"},{"taxonomy":"target-group","embeddable":true,"href":"https:\/\/games.tactic.net\/da\/wp-json\/wp\/v2\/target-group?post=218112"},{"taxonomy":"discontinued","embeddable":true,"href":"https:\/\/games.tactic.net\/da\/wp-json\/wp\/v2\/discontinued?post=218112"}],"curies":[{"name":"wp","href":"https:\/\/api.w.org\/{rel}","templated":true}]}}