{"id":218110,"date":"2021-10-26T11:13:15","date_gmt":"2021-10-26T08:13:15","guid":{"rendered":"http:\/\/dev.tactic.net\/tuote\/helicopter-transporter\/"},"modified":"2025-10-21T14:47:48","modified_gmt":"2025-10-21T11:47:48","slug":"helicopter-transporter","status":"archive","type":"product","link":"https:\/\/games.tactic.net\/da\/tuote\/helicopter-transporter\/","title":{"rendered":"Teamsterz Street Machines Emergency Heli Transporter toy"},"content":{"rendered":"<p>&#8220;Teamsterz Street Machines Emergency Heli Transporter &#8221; er den perfekte hj\u00e6lper til at transportere dine udrykningsk\u00f8ret\u00f8jer til deres destination med lethed. Afsp\u00e6r en sektion af vejen med det medf\u00f8lgende vejtilbeh\u00f8r, parker transport\u00f8ren, s\u00e6nk rampen og v\u00e6lg udrykningsk\u00f8ret\u00f8j efter eget valg! Leges\u00e6ttet inkluderer en meget detaljeret die-cast transporter, helikopter med manuelt roterende propelblade og n\u00f8dbil. F\u00e5s i et sortiment af 3 temaer; politi, brand og redning. Den perfekte gave til enhver entusiastisk lille chauff\u00f8r, der byder p\u00e5 timevis af fantasifuld sjov! Hj\u00e6lper udviklingen af \u200b\u200bdine b\u00f8rns sociale f\u00e6rdigheder, fantasi og finmotorik, da de er den perfekte st\u00f8rrelse til at spille med. Teamsterz Street Machines die-cast k\u00f8ret\u00f8jer er ca. 7 cm og har en h\u00f8jkvalitets die-cast karosseri og gode hjul. Velegnet til alderen 3+.<\/p>\n","protected":false},"excerpt":{"rendered":"<p>Teamsterz Redningstransporter ass.<\/p>\n","protected":false},"featured_media":0,"template":"","meta":{"content-type":"","_monsterinsights_skip_tracking":false,"_monsterinsights_sitenote_active":false,"_monsterinsights_sitenote_note":"","_monsterinsights_sitenote_category":0},"product_brand":[],"product_cat":[1615],"product_tag":[],"brand":[],"target-group":[],"discontinued":[],"class_list":{"0":"post-218110","1":"product","2":"type-product","3":"status-archive","5":"product_cat-teamsterz-legetoej","7":"first","8":"outofstock","9":"taxable","10":"shipping-taxable","11":"product-type-simple"},"aioseo_notices":[],"_links":{"self":[{"href":"https:\/\/games.tactic.net\/da\/wp-json\/wp\/v2\/product\/218110","targetHints":{"allow":["GET"]}}],"collection":[{"href":"https:\/\/games.tactic.net\/da\/wp-json\/wp\/v2\/product"}],"about":[{"href":"https:\/\/games.tactic.net\/da\/wp-json\/wp\/v2\/types\/product"}],"wp:attachment":[{"href":"https:\/\/games.tactic.net\/da\/wp-json\/wp\/v2\/media?parent=218110"}],"wp:term":[{"taxonomy":"product_brand","embeddable":true,"href":"https:\/\/games.tactic.net\/da\/wp-json\/wp\/v2\/product_brand?post=218110"},{"taxonomy":"product_cat","embeddable":true,"href":"https:\/\/games.tactic.net\/da\/wp-json\/wp\/v2\/product_cat?post=218110"},{"taxonomy":"product_tag","embeddable":true,"href":"https:\/\/games.tactic.net\/da\/wp-json\/wp\/v2\/product_tag?post=218110"},{"taxonomy":"brand","embeddable":true,"href":"https:\/\/games.tactic.net\/da\/wp-json\/wp\/v2\/brand?post=218110"},{"taxonomy":"target-group","embeddable":true,"href":"https:\/\/games.tactic.net\/da\/wp-json\/wp\/v2\/target-group?post=218110"},{"taxonomy":"discontinued","embeddable":true,"href":"https:\/\/games.tactic.net\/da\/wp-json\/wp\/v2\/discontinued?post=218110"}],"curies":[{"name":"wp","href":"https:\/\/api.w.org\/{rel}","templated":true}]}}