{"id":218079,"date":"2021-10-26T11:10:42","date_gmt":"2021-10-26T08:10:42","guid":{"rendered":"http:\/\/dev.tactic.net\/tuote\/street-mini-light-up-cars\/"},"modified":"2025-05-07T10:45:05","modified_gmt":"2025-05-07T07:45:05","slug":"street-mini-light-up-cars","status":"archive","type":"product","link":"https:\/\/games.tactic.net\/da\/tuote\/street-mini-light-up-cars\/","title":{"rendered":"Teamsterz Street Minis Light Colour Change with LS toy car"},"content":{"rendered":"<p>Teamsterz Street Mini Light Up bil &#8211; Bl\u00e6s dine modstandere af banen, n\u00e5r du fr\u00e6ser afsted i den ultraseje Street Mini Light Up racerbil fra Teamsterz. Den flotte bil med lyd og lys har endnu en sjov overraskelse &#8211; tryk p\u00e5 knappen og se den lyse op og skifte farve til en endnu vildere kul\u00f8r! F\u00e5s i 2 farver. V\u00e6lg enten en bl\u00e5 coupe som skifter til gr\u00f8n eller en gul muskelbil som skifter til r\u00f8d. Batterier medf\u00f8lger 3 x LR44\/AG13. Fra 3 \u00e5r.<\/p>\n","protected":false},"excerpt":{"rendered":"<p>Teamsterz Mighty Machines Street light up bil med Lys og lyd<\/p>\n","protected":false},"featured_media":0,"template":"","meta":{"content-type":"","_monsterinsights_skip_tracking":false,"_monsterinsights_sitenote_active":false,"_monsterinsights_sitenote_note":"","_monsterinsights_sitenote_category":0},"product_brand":[],"product_cat":[1615],"product_tag":[],"brand":[],"target-group":[],"discontinued":[],"class_list":{"0":"post-218079","1":"product","2":"type-product","3":"status-archive","5":"product_cat-teamsterz-legetoej","7":"first","8":"outofstock","9":"taxable","10":"shipping-taxable","11":"product-type-simple"},"aioseo_notices":[],"_links":{"self":[{"href":"https:\/\/games.tactic.net\/da\/wp-json\/wp\/v2\/product\/218079","targetHints":{"allow":["GET"]}}],"collection":[{"href":"https:\/\/games.tactic.net\/da\/wp-json\/wp\/v2\/product"}],"about":[{"href":"https:\/\/games.tactic.net\/da\/wp-json\/wp\/v2\/types\/product"}],"wp:attachment":[{"href":"https:\/\/games.tactic.net\/da\/wp-json\/wp\/v2\/media?parent=218079"}],"wp:term":[{"taxonomy":"product_brand","embeddable":true,"href":"https:\/\/games.tactic.net\/da\/wp-json\/wp\/v2\/product_brand?post=218079"},{"taxonomy":"product_cat","embeddable":true,"href":"https:\/\/games.tactic.net\/da\/wp-json\/wp\/v2\/product_cat?post=218079"},{"taxonomy":"product_tag","embeddable":true,"href":"https:\/\/games.tactic.net\/da\/wp-json\/wp\/v2\/product_tag?post=218079"},{"taxonomy":"brand","embeddable":true,"href":"https:\/\/games.tactic.net\/da\/wp-json\/wp\/v2\/brand?post=218079"},{"taxonomy":"target-group","embeddable":true,"href":"https:\/\/games.tactic.net\/da\/wp-json\/wp\/v2\/target-group?post=218079"},{"taxonomy":"discontinued","embeddable":true,"href":"https:\/\/games.tactic.net\/da\/wp-json\/wp\/v2\/discontinued?post=218079"}],"curies":[{"name":"wp","href":"https:\/\/api.w.org\/{rel}","templated":true}]}}