{"id":218064,"date":"2021-10-26T11:09:19","date_gmt":"2021-10-26T08:09:19","guid":{"rendered":"http:\/\/dev.tactic.net\/tuote\/load-and-launch-with-6-cars\/"},"modified":"2024-09-02T09:16:25","modified_gmt":"2024-09-02T06:16:25","slug":"load-and-launch-with-6-cars","status":"archive","type":"product","link":"https:\/\/games.tactic.net\/da\/tuote\/load-and-launch-with-6-cars\/","title":{"rendered":"Teamsterz Load and Launch and 6 toy cars"},"content":{"rendered":"<p>Load and Launch with 6 cars<br \/>\nTransporter dine biler med et twist med Teamsterz Load &amp; Launch med 6 biler! Denne hjulformede b\u00e6retaske, der kan rumme op til 23 biler, fungerer ogs\u00e5 som affyringsrampe! Drej tandhjulet for at afsl\u00f8re det unikke l\u00e6ssemagasin til bilen, l\u00e6s op til 15 biler, tr\u00e6k d\u00f8ren ned og tryk p\u00e5 startknappen og skyd alle bilerne ud i hurtig r\u00e6kkef\u00f8lge. Load &amp; Launch har et praktistk b\u00e6reh\u00e5ndtag. Den perfekte gave til enhver entusiastisk lille chauff\u00f8r, der byder p\u00e5 timevis af fantasifuld sjov! De medf\u00f8lgende Teamsterz die-cast k\u00f8ret\u00f8jer er cirka 7 cm og har en h\u00f8jkvalitets trykst\u00f8bt karosseri og gode hjul. Velegnet til alderen 3 \u00e5r +.<\/p>\n","protected":false},"excerpt":{"rendered":"<p>Teamsterz Load &amp; Launch + 6 biler<\/p>\n","protected":false},"featured_media":0,"template":"","meta":{"content-type":"","_monsterinsights_skip_tracking":false,"_monsterinsights_sitenote_active":false,"_monsterinsights_sitenote_note":"","_monsterinsights_sitenote_category":0},"product_brand":[],"product_cat":[1615],"product_tag":[],"brand":[],"target-group":[],"discontinued":[],"class_list":{"0":"post-218064","1":"product","2":"type-product","3":"status-archive","5":"product_cat-teamsterz-legetoej","7":"first","8":"outofstock","9":"taxable","10":"shipping-taxable","11":"product-type-simple"},"aioseo_notices":[],"_links":{"self":[{"href":"https:\/\/games.tactic.net\/da\/wp-json\/wp\/v2\/product\/218064","targetHints":{"allow":["GET"]}}],"collection":[{"href":"https:\/\/games.tactic.net\/da\/wp-json\/wp\/v2\/product"}],"about":[{"href":"https:\/\/games.tactic.net\/da\/wp-json\/wp\/v2\/types\/product"}],"wp:attachment":[{"href":"https:\/\/games.tactic.net\/da\/wp-json\/wp\/v2\/media?parent=218064"}],"wp:term":[{"taxonomy":"product_brand","embeddable":true,"href":"https:\/\/games.tactic.net\/da\/wp-json\/wp\/v2\/product_brand?post=218064"},{"taxonomy":"product_cat","embeddable":true,"href":"https:\/\/games.tactic.net\/da\/wp-json\/wp\/v2\/product_cat?post=218064"},{"taxonomy":"product_tag","embeddable":true,"href":"https:\/\/games.tactic.net\/da\/wp-json\/wp\/v2\/product_tag?post=218064"},{"taxonomy":"brand","embeddable":true,"href":"https:\/\/games.tactic.net\/da\/wp-json\/wp\/v2\/brand?post=218064"},{"taxonomy":"target-group","embeddable":true,"href":"https:\/\/games.tactic.net\/da\/wp-json\/wp\/v2\/target-group?post=218064"},{"taxonomy":"discontinued","embeddable":true,"href":"https:\/\/games.tactic.net\/da\/wp-json\/wp\/v2\/discontinued?post=218064"}],"curies":[{"name":"wp","href":"https:\/\/api.w.org\/{rel}","templated":true}]}}