{"id":218006,"date":"2021-10-26T11:06:52","date_gmt":"2021-10-26T08:06:52","guid":{"rendered":"http:\/\/dev.tactic.net\/tuote\/colour-change-shark-playset\/"},"modified":"2025-10-22T08:54:42","modified_gmt":"2025-10-22T05:54:42","slug":"colour-change-shark-playset","status":"archive","type":"product","link":"https:\/\/games.tactic.net\/da\/tuote\/colour-change-shark-playset\/","title":{"rendered":"Teamsterz Shark Bite Playset and Colour Change bil"},"content":{"rendered":"<p>Fang og forvandl dine leget\u00f8jsbiler med Teamsterz Colour Change Shark Bite Playset. Pas p\u00e5 hajens k\u00e6ber, der klapper sammen og fanger din bil, mens den dyppes i varmt vand, f\u00f8r den kommer fri af hajens k\u00e6ber og nu har skiftet farve. K\u00f8r din bil ud p\u00e5 molen og ned ad rampen til den stenede pool med iskoldt vand for at \u00e6ndre den tilbage til dens oprindelige farve. Leges\u00e6ttet inkluderer en die-cast farveskiftende bil med en h\u00f8j kvalitet die-cast karosseri og gode hjul. Teamsterz Colour Change Shark Bite Playset er en actionfyldt, sp\u00e6ndende oplevelse for b\u00f8rn fra 3 \u00e5r og opefter.<\/p>\n","protected":false},"excerpt":{"rendered":"<p>Teamsterz Colour Change Sjark Playset. Inkl. 1 bil<\/p>\n","protected":false},"featured_media":0,"template":"","meta":{"content-type":"","_monsterinsights_skip_tracking":false,"_monsterinsights_sitenote_active":false,"_monsterinsights_sitenote_note":"","_monsterinsights_sitenote_category":0},"product_brand":[],"product_cat":[1615],"product_tag":[],"brand":[],"target-group":[],"discontinued":[],"class_list":{"0":"post-218006","1":"product","2":"type-product","3":"status-archive","5":"product_cat-teamsterz-legetoej","7":"first","8":"outofstock","9":"taxable","10":"shipping-taxable","11":"product-type-simple"},"aioseo_notices":[],"_links":{"self":[{"href":"https:\/\/games.tactic.net\/da\/wp-json\/wp\/v2\/product\/218006","targetHints":{"allow":["GET"]}}],"collection":[{"href":"https:\/\/games.tactic.net\/da\/wp-json\/wp\/v2\/product"}],"about":[{"href":"https:\/\/games.tactic.net\/da\/wp-json\/wp\/v2\/types\/product"}],"wp:attachment":[{"href":"https:\/\/games.tactic.net\/da\/wp-json\/wp\/v2\/media?parent=218006"}],"wp:term":[{"taxonomy":"product_brand","embeddable":true,"href":"https:\/\/games.tactic.net\/da\/wp-json\/wp\/v2\/product_brand?post=218006"},{"taxonomy":"product_cat","embeddable":true,"href":"https:\/\/games.tactic.net\/da\/wp-json\/wp\/v2\/product_cat?post=218006"},{"taxonomy":"product_tag","embeddable":true,"href":"https:\/\/games.tactic.net\/da\/wp-json\/wp\/v2\/product_tag?post=218006"},{"taxonomy":"brand","embeddable":true,"href":"https:\/\/games.tactic.net\/da\/wp-json\/wp\/v2\/brand?post=218006"},{"taxonomy":"target-group","embeddable":true,"href":"https:\/\/games.tactic.net\/da\/wp-json\/wp\/v2\/target-group?post=218006"},{"taxonomy":"discontinued","embeddable":true,"href":"https:\/\/games.tactic.net\/da\/wp-json\/wp\/v2\/discontinued?post=218006"}],"curies":[{"name":"wp","href":"https:\/\/api.w.org\/{rel}","templated":true}]}}