{"id":217977,"date":"2021-10-26T11:05:01","date_gmt":"2021-10-26T08:05:01","guid":{"rendered":"http:\/\/dev.tactic.net\/tuote\/colour-change-die-cast-3-pack\/"},"modified":"2025-09-29T10:41:00","modified_gmt":"2025-09-29T07:41:00","slug":"colour-change-die-cast-3-pack","status":"archive","type":"product","link":"https:\/\/games.tactic.net\/da\/tuote\/colour-change-die-cast-3-pack\/","title":{"rendered":"Teamsterz Colour Change die-cast bil &#8211; 3 pak"},"content":{"rendered":"<p>Forvandl dine leget\u00f8jsbiler til helt andre farver med Teamsterz Colour Change Car 3 Pack. Dyp din bil i varmt vand og se den magiske farve\u00e6ndring ske! Dyp bilen i iskoldt vand for at \u00e6ndre den tilbage til dens oprindelige farve. V\u00e6lg mellem et udvalg af 4 forskellige pakker med biler i forskellige farver og designs. Den perfekte gave til enhver entusiastisk lille bilist, der tilbyder timevis af fantasifuld leg. Teamsterz Colour Change die-cast k\u00f8ret\u00f8jer er cirka 7 cm skala og har en h\u00f8j kvalitet die-cast karosseri og gode hjul. Egnet til b\u00f8rn fra 3 \u00e5r og opefter.<\/p>\n","protected":false},"excerpt":{"rendered":"<p>Colour Change Die cast 3 pak<\/p>\n","protected":false},"featured_media":0,"template":"","meta":{"content-type":"","_monsterinsights_skip_tracking":false,"_monsterinsights_sitenote_active":false,"_monsterinsights_sitenote_note":"","_monsterinsights_sitenote_category":0},"product_brand":[],"product_cat":[1615],"product_tag":[],"brand":[],"target-group":[],"discontinued":[],"class_list":{"0":"post-217977","1":"product","2":"type-product","3":"status-archive","5":"product_cat-teamsterz-legetoej","7":"first","8":"outofstock","9":"taxable","10":"shipping-taxable","11":"product-type-simple"},"aioseo_notices":[],"_links":{"self":[{"href":"https:\/\/games.tactic.net\/da\/wp-json\/wp\/v2\/product\/217977","targetHints":{"allow":["GET"]}}],"collection":[{"href":"https:\/\/games.tactic.net\/da\/wp-json\/wp\/v2\/product"}],"about":[{"href":"https:\/\/games.tactic.net\/da\/wp-json\/wp\/v2\/types\/product"}],"wp:attachment":[{"href":"https:\/\/games.tactic.net\/da\/wp-json\/wp\/v2\/media?parent=217977"}],"wp:term":[{"taxonomy":"product_brand","embeddable":true,"href":"https:\/\/games.tactic.net\/da\/wp-json\/wp\/v2\/product_brand?post=217977"},{"taxonomy":"product_cat","embeddable":true,"href":"https:\/\/games.tactic.net\/da\/wp-json\/wp\/v2\/product_cat?post=217977"},{"taxonomy":"product_tag","embeddable":true,"href":"https:\/\/games.tactic.net\/da\/wp-json\/wp\/v2\/product_tag?post=217977"},{"taxonomy":"brand","embeddable":true,"href":"https:\/\/games.tactic.net\/da\/wp-json\/wp\/v2\/brand?post=217977"},{"taxonomy":"target-group","embeddable":true,"href":"https:\/\/games.tactic.net\/da\/wp-json\/wp\/v2\/target-group?post=217977"},{"taxonomy":"discontinued","embeddable":true,"href":"https:\/\/games.tactic.net\/da\/wp-json\/wp\/v2\/discontinued?post=217977"}],"curies":[{"name":"wp","href":"https:\/\/api.w.org\/{rel}","templated":true}]}}