{"id":217919,"date":"2021-10-26T10:59:57","date_gmt":"2021-10-26T07:59:57","guid":{"rendered":"http:\/\/dev.tactic.net\/tuote\/fire-command-truck-with-5-cars\/"},"modified":"2024-10-11T12:48:51","modified_gmt":"2024-10-11T09:48:51","slug":"fire-command-truck-with-5-cars","status":"archive","type":"product","link":"https:\/\/games.tactic.net\/da\/tuote\/fire-command-truck-with-5-cars\/","title":{"rendered":"Teamsterz Brand Command lastbil + 5 biler"},"content":{"rendered":"<p>Flot stor redningslastbil fra Teamsterz der kan bygges om til en flot lille redningsstation med helikopterplads, bilramper mm. Sammen med lastbilen f\u00f8lger ogs\u00e5 4 metalbiler, der bl.a kan k\u00f8re rundt p\u00e5 stationens 3 niveauer. Lastbilen er desuden med lyd, sirene og blinkende lys.<br \/>\nBruger 2 x 1.5V AA<br \/>\nM\u00e5ler ca: L49,8 x H26,5 x:B6,9 cm.<br \/>\nFra 3 \u00e5r<\/p>\n","protected":false},"excerpt":{"rendered":"<p>Teamsterz Fire Command Truck<\/p>\n","protected":false},"featured_media":0,"template":"","meta":{"content-type":"","_monsterinsights_skip_tracking":false,"_monsterinsights_sitenote_active":false,"_monsterinsights_sitenote_note":"","_monsterinsights_sitenote_category":0},"product_brand":[],"product_cat":[1615],"product_tag":[],"brand":[],"target-group":[],"discontinued":[],"class_list":{"0":"post-217919","1":"product","2":"type-product","3":"status-archive","5":"product_cat-teamsterz-legetoej","7":"first","8":"outofstock","9":"taxable","10":"shipping-taxable","11":"product-type-simple"},"aioseo_notices":[],"_links":{"self":[{"href":"https:\/\/games.tactic.net\/da\/wp-json\/wp\/v2\/product\/217919","targetHints":{"allow":["GET"]}}],"collection":[{"href":"https:\/\/games.tactic.net\/da\/wp-json\/wp\/v2\/product"}],"about":[{"href":"https:\/\/games.tactic.net\/da\/wp-json\/wp\/v2\/types\/product"}],"wp:attachment":[{"href":"https:\/\/games.tactic.net\/da\/wp-json\/wp\/v2\/media?parent=217919"}],"wp:term":[{"taxonomy":"product_brand","embeddable":true,"href":"https:\/\/games.tactic.net\/da\/wp-json\/wp\/v2\/product_brand?post=217919"},{"taxonomy":"product_cat","embeddable":true,"href":"https:\/\/games.tactic.net\/da\/wp-json\/wp\/v2\/product_cat?post=217919"},{"taxonomy":"product_tag","embeddable":true,"href":"https:\/\/games.tactic.net\/da\/wp-json\/wp\/v2\/product_tag?post=217919"},{"taxonomy":"brand","embeddable":true,"href":"https:\/\/games.tactic.net\/da\/wp-json\/wp\/v2\/brand?post=217919"},{"taxonomy":"target-group","embeddable":true,"href":"https:\/\/games.tactic.net\/da\/wp-json\/wp\/v2\/target-group?post=217919"},{"taxonomy":"discontinued","embeddable":true,"href":"https:\/\/games.tactic.net\/da\/wp-json\/wp\/v2\/discontinued?post=217919"}],"curies":[{"name":"wp","href":"https:\/\/api.w.org\/{rel}","templated":true}]}}