{"id":217380,"date":"2021-10-26T10:37:14","date_gmt":"2021-10-26T07:37:14","guid":{"rendered":"http:\/\/dev.tactic.net\/tuote\/street-starz-boom-box-truck\/"},"modified":"2025-12-16T10:22:52","modified_gmt":"2025-12-16T08:22:52","slug":"street-starz-boom-box-truck","status":"archive","type":"product","link":"https:\/\/games.tactic.net\/da\/tuote\/street-starz-boom-box-truck\/","title":{"rendered":"Teamsterz Street Starz Boom Box Truck toy"},"content":{"rendered":"<p>Der bliver fest i gaden med den superseje boombox-bil med lys og fed musik! Tryk p\u00e5 den midterste knap for at f\u00e5 bilen til at k\u00f8re, og p\u00e5 den h\u00f8jre knap for at starte boomboxen og lade musikken str\u00f8mme. Trykker du p\u00e5 knappen til venstre, kan du h\u00f8re motoren og dyttelyde. Batterier medf\u00f8lger 3 x AAA. Fra 3 \u00e5r.<\/p>\n","protected":false},"excerpt":{"rendered":"<p>Teamsterz Mighty Machines Large Boon Box Truck<\/p>\n","protected":false},"featured_media":0,"template":"","meta":{"content-type":"","_monsterinsights_skip_tracking":false,"_monsterinsights_sitenote_active":false,"_monsterinsights_sitenote_note":"","_monsterinsights_sitenote_category":0},"product_brand":[],"product_cat":[1615],"product_tag":[],"brand":[],"target-group":[],"discontinued":[],"class_list":{"0":"post-217380","1":"product","2":"type-product","3":"status-archive","5":"product_cat-teamsterz-legetoej","7":"first","8":"outofstock","9":"taxable","10":"shipping-taxable","11":"product-type-simple"},"aioseo_notices":[],"_links":{"self":[{"href":"https:\/\/games.tactic.net\/da\/wp-json\/wp\/v2\/product\/217380","targetHints":{"allow":["GET"]}}],"collection":[{"href":"https:\/\/games.tactic.net\/da\/wp-json\/wp\/v2\/product"}],"about":[{"href":"https:\/\/games.tactic.net\/da\/wp-json\/wp\/v2\/types\/product"}],"wp:attachment":[{"href":"https:\/\/games.tactic.net\/da\/wp-json\/wp\/v2\/media?parent=217380"}],"wp:term":[{"taxonomy":"product_brand","embeddable":true,"href":"https:\/\/games.tactic.net\/da\/wp-json\/wp\/v2\/product_brand?post=217380"},{"taxonomy":"product_cat","embeddable":true,"href":"https:\/\/games.tactic.net\/da\/wp-json\/wp\/v2\/product_cat?post=217380"},{"taxonomy":"product_tag","embeddable":true,"href":"https:\/\/games.tactic.net\/da\/wp-json\/wp\/v2\/product_tag?post=217380"},{"taxonomy":"brand","embeddable":true,"href":"https:\/\/games.tactic.net\/da\/wp-json\/wp\/v2\/brand?post=217380"},{"taxonomy":"target-group","embeddable":true,"href":"https:\/\/games.tactic.net\/da\/wp-json\/wp\/v2\/target-group?post=217380"},{"taxonomy":"discontinued","embeddable":true,"href":"https:\/\/games.tactic.net\/da\/wp-json\/wp\/v2\/discontinued?post=217380"}],"curies":[{"name":"wp","href":"https:\/\/api.w.org\/{rel}","templated":true}]}}