{"id":217294,"date":"2021-10-26T10:35:13","date_gmt":"2021-10-26T07:35:13","guid":{"rendered":"http:\/\/dev.tactic.net\/tuote\/monster-converter\/"},"modified":"2025-12-16T10:22:39","modified_gmt":"2025-12-16T08:22:39","slug":"monster-converter","status":"archive","type":"product","link":"https:\/\/games.tactic.net\/da\/tuote\/monster-converter\/","title":{"rendered":"Teamsterz Monster Moverz Monster Converter toy car"},"content":{"rendered":"<p>Bl\u00e6s dine modstandere af banen, mens du r\u00e6ser v\u00e6k i den ultracoole Street Moverz-racerbil fra Teamsterz. Den farverige bil med lyd og lys har endnu en sjov overraskelse &#8211; s\u00e6t den i vand og se den skifte farve til en endnu vildere farve. S\u00e5 er du klar til at k\u00f8re!<br \/>\nBilen f\u00e5s i to forskellige farver.  batterier medf\u00f8lger 3 x AA. Fra 3 \u00e5r.<\/p>\n","protected":false},"excerpt":{"rendered":"<p>Teamsterz Monster Moverz Monster bil med lyd og lys<\/p>\n","protected":false},"featured_media":0,"template":"","meta":{"content-type":"","_monsterinsights_skip_tracking":false,"_monsterinsights_sitenote_active":false,"_monsterinsights_sitenote_note":"","_monsterinsights_sitenote_category":0},"product_brand":[],"product_cat":[1615],"product_tag":[],"brand":[],"target-group":[],"discontinued":[],"class_list":{"0":"post-217294","1":"product","2":"type-product","3":"status-archive","5":"product_cat-teamsterz-legetoej","7":"first","8":"outofstock","9":"taxable","10":"shipping-taxable","11":"product-type-simple"},"aioseo_notices":[],"_links":{"self":[{"href":"https:\/\/games.tactic.net\/da\/wp-json\/wp\/v2\/product\/217294","targetHints":{"allow":["GET"]}}],"collection":[{"href":"https:\/\/games.tactic.net\/da\/wp-json\/wp\/v2\/product"}],"about":[{"href":"https:\/\/games.tactic.net\/da\/wp-json\/wp\/v2\/types\/product"}],"wp:attachment":[{"href":"https:\/\/games.tactic.net\/da\/wp-json\/wp\/v2\/media?parent=217294"}],"wp:term":[{"taxonomy":"product_brand","embeddable":true,"href":"https:\/\/games.tactic.net\/da\/wp-json\/wp\/v2\/product_brand?post=217294"},{"taxonomy":"product_cat","embeddable":true,"href":"https:\/\/games.tactic.net\/da\/wp-json\/wp\/v2\/product_cat?post=217294"},{"taxonomy":"product_tag","embeddable":true,"href":"https:\/\/games.tactic.net\/da\/wp-json\/wp\/v2\/product_tag?post=217294"},{"taxonomy":"brand","embeddable":true,"href":"https:\/\/games.tactic.net\/da\/wp-json\/wp\/v2\/brand?post=217294"},{"taxonomy":"target-group","embeddable":true,"href":"https:\/\/games.tactic.net\/da\/wp-json\/wp\/v2\/target-group?post=217294"},{"taxonomy":"discontinued","embeddable":true,"href":"https:\/\/games.tactic.net\/da\/wp-json\/wp\/v2\/discontinued?post=217294"}],"curies":[{"name":"wp","href":"https:\/\/api.w.org\/{rel}","templated":true}]}}