{"id":217237,"date":"2021-10-26T10:33:49","date_gmt":"2021-10-26T07:33:49","guid":{"rendered":"http:\/\/dev.tactic.net\/tuote\/turbo-twister-tornado\/"},"modified":"2024-09-02T09:18:14","modified_gmt":"2024-09-02T06:18:14","slug":"turbo-twister-tornado","status":"archive","type":"product","link":"https:\/\/games.tactic.net\/da\/tuote\/turbo-twister-tornado\/","title":{"rendered":"Teamsterz Turbo Twister Track and 10 toy cars"},"content":{"rendered":"<p>G\u00f8r dine motorer klar til  mere r\u00e6s og masser af action med Teamsterz Turbo Twister Track Set! K\u00f8r med flere biler ad gangen ved hj\u00e6lp af den dobbelte motoriserede launcher, og oplev at bilerne suser rundt p\u00e5 banen i topfart gennem de dobbelte loops og hurtige kurver! Pas p\u00e5 de 3 st\u00f8dzoner, hvor sporene krydser hinanden, hvilket garanteret vil for\u00e5rsage dramatiske styrt! Med 10 die-cast biler inkluderet i pakken, hvor mange kan du k\u00f8re rundt p\u00e5 banen p\u00e5 \u00e9n gang? Dette er den perfekte gave til enhver entusiastisk lille racer, der byder p\u00e5 timevis af fantasifuld sjov! De medf\u00f8lgende Teamsterz die-cast biler er ca7 cm  og har en h\u00f8jkvalitets  karosseri og gode hjul. Velegnet til alderen 3+.<\/p>\n","protected":false},"excerpt":{"rendered":"<p>Teamsterz Turbo Twister + 10 biler<\/p>\n","protected":false},"featured_media":0,"template":"","meta":{"content-type":"","_monsterinsights_skip_tracking":false,"_monsterinsights_sitenote_active":false,"_monsterinsights_sitenote_note":"","_monsterinsights_sitenote_category":0},"product_brand":[],"product_cat":[1615],"product_tag":[],"brand":[],"target-group":[],"discontinued":[],"class_list":{"0":"post-217237","1":"product","2":"type-product","3":"status-archive","5":"product_cat-teamsterz-legetoej","7":"first","8":"outofstock","9":"taxable","10":"shipping-taxable","11":"product-type-simple"},"aioseo_notices":[],"_links":{"self":[{"href":"https:\/\/games.tactic.net\/da\/wp-json\/wp\/v2\/product\/217237","targetHints":{"allow":["GET"]}}],"collection":[{"href":"https:\/\/games.tactic.net\/da\/wp-json\/wp\/v2\/product"}],"about":[{"href":"https:\/\/games.tactic.net\/da\/wp-json\/wp\/v2\/types\/product"}],"wp:attachment":[{"href":"https:\/\/games.tactic.net\/da\/wp-json\/wp\/v2\/media?parent=217237"}],"wp:term":[{"taxonomy":"product_brand","embeddable":true,"href":"https:\/\/games.tactic.net\/da\/wp-json\/wp\/v2\/product_brand?post=217237"},{"taxonomy":"product_cat","embeddable":true,"href":"https:\/\/games.tactic.net\/da\/wp-json\/wp\/v2\/product_cat?post=217237"},{"taxonomy":"product_tag","embeddable":true,"href":"https:\/\/games.tactic.net\/da\/wp-json\/wp\/v2\/product_tag?post=217237"},{"taxonomy":"brand","embeddable":true,"href":"https:\/\/games.tactic.net\/da\/wp-json\/wp\/v2\/brand?post=217237"},{"taxonomy":"target-group","embeddable":true,"href":"https:\/\/games.tactic.net\/da\/wp-json\/wp\/v2\/target-group?post=217237"},{"taxonomy":"discontinued","embeddable":true,"href":"https:\/\/games.tactic.net\/da\/wp-json\/wp\/v2\/discontinued?post=217237"}],"curies":[{"name":"wp","href":"https:\/\/api.w.org\/{rel}","templated":true}]}}