{"id":217208,"date":"2021-10-26T10:32:50","date_gmt":"2021-10-26T07:32:50","guid":{"rendered":"http:\/\/dev.tactic.net\/tuote\/fire-station-5-cars\/"},"modified":"2024-10-11T12:48:46","modified_gmt":"2024-10-11T09:48:46","slug":"fire-station-5-cars","status":"archive","type":"product","link":"https:\/\/games.tactic.net\/da\/tuote\/fire-station-5-cars\/","title":{"rendered":"Teamsterz Fire Rescue Centre and 5 toy cars"},"content":{"rendered":"<p>Beskyt din by, stop kriminalitet og red liv med &#8220;Teamsterz Fire Rescue Center incl 5 biler&#8221;! Dette garage-leges\u00e6t med flere etager er sp\u00e6kket med funktioner, herunder en manuelt betjent tip affyringsrampe og hastigheds-responsrampe, forbindelsesramper mellem etagerne, manuel l\u00f8ft, garageparkering, benzinpumper, bilinspektionsrampe og helikopterpladser! Leges\u00e6ttet er kompatibelt med b\u00e5de 7 cm og 10 cm k\u00f8ret\u00f8jer, og det kan ogs\u00e5 tilsluttes Teamsterz banes\u00e6t. Den perfekte gave til enhver entusiastisk lille chauff\u00f8r, der byder p\u00e5 timevis af fantasifuld sjov! Hj\u00e6lper udviklingen af \u200b\u200b barnets sociale f\u00e6rdigheder, fantasi og finmotorik, da bilerne har den perfekte st\u00f8rrelse til leg med push biler. De medf\u00f8lgende Teamsterz trykst\u00f8bte k\u00f8ret\u00f8jer er ca. 7 cm og har en h\u00f8jkvalitets die-cast karosseri og gode hjul. Velegnet til alderen 3+.<\/p>\n","protected":false},"excerpt":{"rendered":"<p>Teamsterz brandstation med 4 biler og 1 helikopter<\/p>\n","protected":false},"featured_media":0,"template":"","meta":{"content-type":"","_monsterinsights_skip_tracking":false,"_monsterinsights_sitenote_active":false,"_monsterinsights_sitenote_note":"","_monsterinsights_sitenote_category":0},"product_brand":[],"product_cat":[1615],"product_tag":[],"brand":[],"target-group":[],"discontinued":[],"class_list":{"0":"post-217208","1":"product","2":"type-product","3":"status-archive","5":"product_cat-teamsterz-legetoej","7":"first","8":"outofstock","9":"taxable","10":"shipping-taxable","11":"product-type-simple"},"aioseo_notices":[],"_links":{"self":[{"href":"https:\/\/games.tactic.net\/da\/wp-json\/wp\/v2\/product\/217208","targetHints":{"allow":["GET"]}}],"collection":[{"href":"https:\/\/games.tactic.net\/da\/wp-json\/wp\/v2\/product"}],"about":[{"href":"https:\/\/games.tactic.net\/da\/wp-json\/wp\/v2\/types\/product"}],"wp:attachment":[{"href":"https:\/\/games.tactic.net\/da\/wp-json\/wp\/v2\/media?parent=217208"}],"wp:term":[{"taxonomy":"product_brand","embeddable":true,"href":"https:\/\/games.tactic.net\/da\/wp-json\/wp\/v2\/product_brand?post=217208"},{"taxonomy":"product_cat","embeddable":true,"href":"https:\/\/games.tactic.net\/da\/wp-json\/wp\/v2\/product_cat?post=217208"},{"taxonomy":"product_tag","embeddable":true,"href":"https:\/\/games.tactic.net\/da\/wp-json\/wp\/v2\/product_tag?post=217208"},{"taxonomy":"brand","embeddable":true,"href":"https:\/\/games.tactic.net\/da\/wp-json\/wp\/v2\/brand?post=217208"},{"taxonomy":"target-group","embeddable":true,"href":"https:\/\/games.tactic.net\/da\/wp-json\/wp\/v2\/target-group?post=217208"},{"taxonomy":"discontinued","embeddable":true,"href":"https:\/\/games.tactic.net\/da\/wp-json\/wp\/v2\/discontinued?post=217208"}],"curies":[{"name":"wp","href":"https:\/\/api.w.org\/{rel}","templated":true}]}}