{"id":216941,"date":"2021-10-26T08:59:16","date_gmt":"2021-10-26T05:59:16","guid":{"rendered":"http:\/\/dev.tactic.net\/tuote\/transporter-8-cars\/"},"modified":"2025-04-01T09:42:40","modified_gmt":"2025-04-01T06:42:40","slug":"transporter-8-cars","status":"archive","type":"product","link":"https:\/\/games.tactic.net\/da\/tuote\/transporter-8-cars\/","title":{"rendered":"Teamsterz Metro City Transporter and 4 toy cars"},"content":{"rendered":"<p>&#8220;Teamsterz Car Transporter med 8 biler&#8221; er den perfekte m\u00e5de for din lille chauff\u00f8r at opbevare og transportere sin bilsamling!<br \/>\nTransporteren har et b\u00e6reh\u00e5ndtag p\u00e5 toppen, der g\u00f8r det nemt at tage dette leget\u00f8j med p\u00e5 farten. Transporteren har masser af opbevaringsplads med plads helt op til 24 biler! Den perfekte gave til enhver entusiastisk lille chauff\u00f8r, der byder p\u00e5 timevis af fantasifuld sjov! Hj\u00e6lper udviklingen af \u200b\u200bbarnets sociale f\u00e6rdigheder, fantasi og finmotorik. De medf\u00f8lgende Teamsterz trykst\u00f8bte k\u00f8ret\u00f8jer er cirka 7 cm og har et h\u00f8jkvalitets die-cast karosseri og gode hjul. Velegnet til alderen 3+.<\/p>\n","protected":false},"excerpt":{"rendered":"<p>Teamsterz Car Transporter inkl 8 biler og pap vejskilte<\/p>\n","protected":false},"featured_media":0,"template":"","meta":{"content-type":"","_monsterinsights_skip_tracking":false,"_monsterinsights_sitenote_active":false,"_monsterinsights_sitenote_note":"","_monsterinsights_sitenote_category":0},"product_brand":[],"product_cat":[1615],"product_tag":[],"brand":[],"target-group":[],"discontinued":[],"class_list":{"0":"post-216941","1":"product","2":"type-product","3":"status-archive","5":"product_cat-teamsterz-legetoej","7":"first","8":"outofstock","9":"taxable","10":"shipping-taxable","11":"product-type-simple"},"aioseo_notices":[],"_links":{"self":[{"href":"https:\/\/games.tactic.net\/da\/wp-json\/wp\/v2\/product\/216941","targetHints":{"allow":["GET"]}}],"collection":[{"href":"https:\/\/games.tactic.net\/da\/wp-json\/wp\/v2\/product"}],"about":[{"href":"https:\/\/games.tactic.net\/da\/wp-json\/wp\/v2\/types\/product"}],"wp:attachment":[{"href":"https:\/\/games.tactic.net\/da\/wp-json\/wp\/v2\/media?parent=216941"}],"wp:term":[{"taxonomy":"product_brand","embeddable":true,"href":"https:\/\/games.tactic.net\/da\/wp-json\/wp\/v2\/product_brand?post=216941"},{"taxonomy":"product_cat","embeddable":true,"href":"https:\/\/games.tactic.net\/da\/wp-json\/wp\/v2\/product_cat?post=216941"},{"taxonomy":"product_tag","embeddable":true,"href":"https:\/\/games.tactic.net\/da\/wp-json\/wp\/v2\/product_tag?post=216941"},{"taxonomy":"brand","embeddable":true,"href":"https:\/\/games.tactic.net\/da\/wp-json\/wp\/v2\/brand?post=216941"},{"taxonomy":"target-group","embeddable":true,"href":"https:\/\/games.tactic.net\/da\/wp-json\/wp\/v2\/target-group?post=216941"},{"taxonomy":"discontinued","embeddable":true,"href":"https:\/\/games.tactic.net\/da\/wp-json\/wp\/v2\/discontinued?post=216941"}],"curies":[{"name":"wp","href":"https:\/\/api.w.org\/{rel}","templated":true}]}}