{"id":216926,"date":"2021-10-26T08:58:10","date_gmt":"2021-10-26T05:58:10","guid":{"rendered":"http:\/\/dev.tactic.net\/tuote\/air-sea-rescue-team\/"},"modified":"2025-08-25T10:39:26","modified_gmt":"2025-08-25T07:39:26","slug":"air-sea-rescue-team","status":"archive","type":"product","link":"https:\/\/games.tactic.net\/da\/tuote\/air-sea-rescue-team\/","title":{"rendered":"Teamsterz Air Sea Rescue Team toy"},"content":{"rendered":"<p>G\u00f8r dig klar til dine helt egne redningsmissioner til s\u00f8s med Teamsterz Street Machines Air Sea Rescue Team-leges\u00e6ttet. Leges\u00e6ttet inkluderer en meget detaljeret die-cast helikopter med manuelt roterende propelblade, udrykningsk\u00f8ret\u00f8j, 4&#215;4 k\u00f8ret\u00f8j med anh\u00e6ngertr\u00e6k, plastikb\u00e5d og aftagelig trailer med en r\u00e6kke n\u00f8dhj\u00e6lps-tilbeh\u00f8r. F\u00e5s i et sortiment af 2; brand &amp; redning og luftredning. Den perfekte gave til enhver entusiastisk lille chauff\u00f8r, der byder p\u00e5 timevis af sjov leg! Hj\u00e6lper udviklingen af \u200b\u200bdine b\u00f8rns sociale f\u00e6rdigheder, fantasi og finmotorik. Teamsterz Street Machines die-cast k\u00f8ret\u00f8jer er cirka 7 cm skala og har en h\u00f8jkvalitets die-cast karosseri og frit bev\u00e6gelige hjul. Velegnet til alderen 3+<\/p>\n","protected":false},"excerpt":{"rendered":"<p>Teamsterz Redningsk\u00f8ret\u00f8jer 2 ass,<\/p>\n","protected":false},"featured_media":0,"template":"","meta":{"content-type":"","_monsterinsights_skip_tracking":false,"_monsterinsights_sitenote_active":false,"_monsterinsights_sitenote_note":"","_monsterinsights_sitenote_category":0},"product_brand":[],"product_cat":[1615],"product_tag":[],"brand":[],"target-group":[],"discontinued":[],"class_list":{"0":"post-216926","1":"product","2":"type-product","3":"status-archive","5":"product_cat-teamsterz-legetoej","7":"first","8":"outofstock","9":"taxable","10":"shipping-taxable","11":"product-type-simple"},"aioseo_notices":[],"_links":{"self":[{"href":"https:\/\/games.tactic.net\/da\/wp-json\/wp\/v2\/product\/216926","targetHints":{"allow":["GET"]}}],"collection":[{"href":"https:\/\/games.tactic.net\/da\/wp-json\/wp\/v2\/product"}],"about":[{"href":"https:\/\/games.tactic.net\/da\/wp-json\/wp\/v2\/types\/product"}],"wp:attachment":[{"href":"https:\/\/games.tactic.net\/da\/wp-json\/wp\/v2\/media?parent=216926"}],"wp:term":[{"taxonomy":"product_brand","embeddable":true,"href":"https:\/\/games.tactic.net\/da\/wp-json\/wp\/v2\/product_brand?post=216926"},{"taxonomy":"product_cat","embeddable":true,"href":"https:\/\/games.tactic.net\/da\/wp-json\/wp\/v2\/product_cat?post=216926"},{"taxonomy":"product_tag","embeddable":true,"href":"https:\/\/games.tactic.net\/da\/wp-json\/wp\/v2\/product_tag?post=216926"},{"taxonomy":"brand","embeddable":true,"href":"https:\/\/games.tactic.net\/da\/wp-json\/wp\/v2\/brand?post=216926"},{"taxonomy":"target-group","embeddable":true,"href":"https:\/\/games.tactic.net\/da\/wp-json\/wp\/v2\/target-group?post=216926"},{"taxonomy":"discontinued","embeddable":true,"href":"https:\/\/games.tactic.net\/da\/wp-json\/wp\/v2\/discontinued?post=216926"}],"curies":[{"name":"wp","href":"https:\/\/api.w.org\/{rel}","templated":true}]}}