{"id":216798,"date":"2021-10-26T08:51:56","date_gmt":"2021-10-26T05:51:56","guid":{"rendered":"http:\/\/dev.tactic.net\/tuote\/mighty-moverz-garbage-truck\/"},"modified":"2024-10-22T13:54:35","modified_gmt":"2024-10-22T10:54:35","slug":"mighty-moverz-garbage-truck","status":"archive","type":"product","link":"https:\/\/games.tactic.net\/da\/tuote\/mighty-moverz-garbage-truck\/","title":{"rendered":"Teamsterz Mighty Moverz Garbage Truck toy"},"content":{"rendered":"<p>Bliv dages helt, n\u00e5r du holder byen ren med den store Mighty Moverz-skraldebil fra Teamsterz! Skraldebilen kan selv k\u00f8re \u2013 b\u00e5de fremad og bakke \u2013 n\u00e5r du trykker p\u00e5 knapperne foran p\u00e5 f\u00f8rerhuset, men den kan ogs\u00e5 skubbes almindeligt med h\u00e5nden. De gule blink og realistiske lyde bringer den virkelig til live! Den medf\u00f8lgende skraldespand kan s\u00e6ttes fast i holderen p\u00e5 siden af bilen og vippes op \u2013 ligesom p\u00e5 en rigtig skraldebil, og bagsm\u00e6kken kan \u00e5bnes. En sjov skraldebil med mange realistiske funktioner for de sm\u00e5. Batterier medf\u00f8lger 3 x AAA. Fra 3 \u00e5r.<\/p>\n","protected":false},"excerpt":{"rendered":"<p>Teamsterz Mighty Moverz skraldebil med lyd og lys<\/p>\n","protected":false},"featured_media":0,"template":"","meta":{"content-type":"","_monsterinsights_skip_tracking":false,"_monsterinsights_sitenote_active":false,"_monsterinsights_sitenote_note":"","_monsterinsights_sitenote_category":0},"product_brand":[],"product_cat":[1615],"product_tag":[],"brand":[],"target-group":[],"discontinued":[],"class_list":{"0":"post-216798","1":"product","2":"type-product","3":"status-archive","5":"product_cat-teamsterz-legetoej","7":"first","8":"outofstock","9":"taxable","10":"shipping-taxable","11":"product-type-simple"},"aioseo_notices":[],"_links":{"self":[{"href":"https:\/\/games.tactic.net\/da\/wp-json\/wp\/v2\/product\/216798","targetHints":{"allow":["GET"]}}],"collection":[{"href":"https:\/\/games.tactic.net\/da\/wp-json\/wp\/v2\/product"}],"about":[{"href":"https:\/\/games.tactic.net\/da\/wp-json\/wp\/v2\/types\/product"}],"wp:attachment":[{"href":"https:\/\/games.tactic.net\/da\/wp-json\/wp\/v2\/media?parent=216798"}],"wp:term":[{"taxonomy":"product_brand","embeddable":true,"href":"https:\/\/games.tactic.net\/da\/wp-json\/wp\/v2\/product_brand?post=216798"},{"taxonomy":"product_cat","embeddable":true,"href":"https:\/\/games.tactic.net\/da\/wp-json\/wp\/v2\/product_cat?post=216798"},{"taxonomy":"product_tag","embeddable":true,"href":"https:\/\/games.tactic.net\/da\/wp-json\/wp\/v2\/product_tag?post=216798"},{"taxonomy":"brand","embeddable":true,"href":"https:\/\/games.tactic.net\/da\/wp-json\/wp\/v2\/brand?post=216798"},{"taxonomy":"target-group","embeddable":true,"href":"https:\/\/games.tactic.net\/da\/wp-json\/wp\/v2\/target-group?post=216798"},{"taxonomy":"discontinued","embeddable":true,"href":"https:\/\/games.tactic.net\/da\/wp-json\/wp\/v2\/discontinued?post=216798"}],"curies":[{"name":"wp","href":"https:\/\/api.w.org\/{rel}","templated":true}]}}