{"id":216741,"date":"2021-10-26T08:51:25","date_gmt":"2021-10-26T05:51:25","guid":{"rendered":"http:\/\/dev.tactic.net\/tuote\/mighty-moverz-fire-engine\/"},"modified":"2025-04-01T09:47:34","modified_gmt":"2025-04-01T06:47:34","slug":"mighty-moverz-fire-engine","status":"archive","type":"product","link":"https:\/\/games.tactic.net\/da\/tuote\/mighty-moverz-fire-engine\/","title":{"rendered":"Teamsterz Mighty Moverz Fire Engine toy"},"content":{"rendered":"<p>Bliv dages helt med den store Mighty Moverz-brandbil fra Teamsterz! Brandbilen kan selv k\u00f8re \u2013 b\u00e5de fremad og bakke \u2013 n\u00e5r du trykker p\u00e5 knapperne foran p\u00e5 f\u00f8rerhuset, men den kan ogs\u00e5 skubbes almindeligt med h\u00e5nden. De bl\u00e5 blink og realistiske lyde g\u00f8r legen eksta sp\u00e6ndende. Skynd dig afsted for at redde de n\u00f8dstedte ved hj\u00e6lp af stigen, som kan drejes 360\u00b0. En sjov brandbil med mange realistiske funktioner for de sm\u00e5. Batterier medf\u00f8lger. Fra 3 \u00e5r.<\/p>\n","protected":false},"excerpt":{"rendered":"<p>Teamsterz Migty Moverz Brandbil med lys og lyd<\/p>\n","protected":false},"featured_media":0,"template":"","meta":{"content-type":"","_monsterinsights_skip_tracking":false,"_monsterinsights_sitenote_active":false,"_monsterinsights_sitenote_note":"","_monsterinsights_sitenote_category":0},"product_brand":[],"product_cat":[1615],"product_tag":[],"brand":[],"target-group":[],"discontinued":[],"class_list":{"0":"post-216741","1":"product","2":"type-product","3":"status-archive","5":"product_cat-teamsterz-legetoej","7":"first","8":"outofstock","9":"taxable","10":"shipping-taxable","11":"product-type-simple"},"aioseo_notices":[],"_links":{"self":[{"href":"https:\/\/games.tactic.net\/da\/wp-json\/wp\/v2\/product\/216741","targetHints":{"allow":["GET"]}}],"collection":[{"href":"https:\/\/games.tactic.net\/da\/wp-json\/wp\/v2\/product"}],"about":[{"href":"https:\/\/games.tactic.net\/da\/wp-json\/wp\/v2\/types\/product"}],"wp:attachment":[{"href":"https:\/\/games.tactic.net\/da\/wp-json\/wp\/v2\/media?parent=216741"}],"wp:term":[{"taxonomy":"product_brand","embeddable":true,"href":"https:\/\/games.tactic.net\/da\/wp-json\/wp\/v2\/product_brand?post=216741"},{"taxonomy":"product_cat","embeddable":true,"href":"https:\/\/games.tactic.net\/da\/wp-json\/wp\/v2\/product_cat?post=216741"},{"taxonomy":"product_tag","embeddable":true,"href":"https:\/\/games.tactic.net\/da\/wp-json\/wp\/v2\/product_tag?post=216741"},{"taxonomy":"brand","embeddable":true,"href":"https:\/\/games.tactic.net\/da\/wp-json\/wp\/v2\/brand?post=216741"},{"taxonomy":"target-group","embeddable":true,"href":"https:\/\/games.tactic.net\/da\/wp-json\/wp\/v2\/target-group?post=216741"},{"taxonomy":"discontinued","embeddable":true,"href":"https:\/\/games.tactic.net\/da\/wp-json\/wp\/v2\/discontinued?post=216741"}],"curies":[{"name":"wp","href":"https:\/\/api.w.org\/{rel}","templated":true}]}}