{"id":216614,"date":"2021-10-26T08:49:58","date_gmt":"2021-10-26T05:49:58","guid":{"rendered":"http:\/\/dev.tactic.net\/tuote\/building-machines\/"},"modified":"2024-09-25T09:52:20","modified_gmt":"2024-09-25T06:52:20","slug":"building-machines","status":"archive","type":"product","link":"https:\/\/games.tactic.net\/da\/tuote\/building-machines\/","title":{"rendered":"Teamsterz Building Machines toy"},"content":{"rendered":"<p>Byggemaskiner. Skab dit eget minibyggehold med Teamsterz byggemaskines\u00e6t. K\u00f8ret\u00f8jer er die-cast. Indholdet inkluderer 3 kegler, 4 entrepren\u00f8rk\u00f8ret\u00f8jer og 2 skilte. Velegnet til alderen 3+ \u00e5r<\/p>\n","protected":false},"excerpt":{"rendered":"<p>Teamsterz Byggeleges\u00e6t. Byggemaskiner. Skab dit eget minibyggehold med Teamsterz byggemaskines\u00e6t. K\u00f8ret\u00f8jer er die-cast. Indholdet inkluderer 3 kegler, 4 entrepren\u00f8rk\u00f8ret\u00f8jer og 2 skilte. Velegnet til alderen 3+ \u00e5r<\/p>\n","protected":false},"featured_media":0,"template":"","meta":{"content-type":"","_monsterinsights_skip_tracking":false,"_monsterinsights_sitenote_active":false,"_monsterinsights_sitenote_note":"","_monsterinsights_sitenote_category":0},"product_brand":[],"product_cat":[1615],"product_tag":[],"brand":[],"target-group":[],"discontinued":[],"class_list":{"0":"post-216614","1":"product","2":"type-product","3":"status-archive","5":"product_cat-teamsterz-legetoej","7":"first","8":"outofstock","9":"taxable","10":"shipping-taxable","11":"product-type-simple"},"aioseo_notices":[],"_links":{"self":[{"href":"https:\/\/games.tactic.net\/da\/wp-json\/wp\/v2\/product\/216614","targetHints":{"allow":["GET"]}}],"collection":[{"href":"https:\/\/games.tactic.net\/da\/wp-json\/wp\/v2\/product"}],"about":[{"href":"https:\/\/games.tactic.net\/da\/wp-json\/wp\/v2\/types\/product"}],"wp:attachment":[{"href":"https:\/\/games.tactic.net\/da\/wp-json\/wp\/v2\/media?parent=216614"}],"wp:term":[{"taxonomy":"product_brand","embeddable":true,"href":"https:\/\/games.tactic.net\/da\/wp-json\/wp\/v2\/product_brand?post=216614"},{"taxonomy":"product_cat","embeddable":true,"href":"https:\/\/games.tactic.net\/da\/wp-json\/wp\/v2\/product_cat?post=216614"},{"taxonomy":"product_tag","embeddable":true,"href":"https:\/\/games.tactic.net\/da\/wp-json\/wp\/v2\/product_tag?post=216614"},{"taxonomy":"brand","embeddable":true,"href":"https:\/\/games.tactic.net\/da\/wp-json\/wp\/v2\/brand?post=216614"},{"taxonomy":"target-group","embeddable":true,"href":"https:\/\/games.tactic.net\/da\/wp-json\/wp\/v2\/target-group?post=216614"},{"taxonomy":"discontinued","embeddable":true,"href":"https:\/\/games.tactic.net\/da\/wp-json\/wp\/v2\/discontinued?post=216614"}],"curies":[{"name":"wp","href":"https:\/\/api.w.org\/{rel}","templated":true}]}}