{"id":216444,"date":"2021-10-26T08:43:02","date_gmt":"2021-10-26T05:43:02","guid":{"rendered":"http:\/\/dev.tactic.net\/tuote\/5-level-tower-garage-with-15-cars\/"},"modified":"2024-10-11T12:48:37","modified_gmt":"2024-10-11T09:48:37","slug":"5-level-tower-garage-with-15-cars","status":"archive","type":"product","link":"https:\/\/games.tactic.net\/da\/tuote\/5-level-tower-garage-with-15-cars\/","title":{"rendered":"Teamsterz 5 Level Tower Garage and 15 toy cars"},"content":{"rendered":"<p>Tag leg med biler til et andet niveau med Teamsterz 5 Level Tower Garage med 15 biler! Dette sjove garage-leges\u00e6t er 70 cm h\u00f8jt og er sp\u00e6kket med funktioner, herunder forbindende spiralramper mellem niveauerne, s\u00e5 du kan f\u00e5 bilerne til at k\u00f8re gennem banerne og ud p\u00e5 vejen! Der er masser af parkeringspladser p\u00e5 hvert niveau, en elevator og helikopterplads, br\u00e6ndstofpumper, bilvask og en bilinspektionsrampe! Garagen er kompatibel med b\u00e5de 7 og 7 og 10 cm k\u00f8ret\u00f8jer. Garagen kan ogs\u00e5 forbindes til Teamsterz banes\u00e6t. Den perfekte gave til enhver entusiastisk lille chauff\u00f8r, der byder p\u00e5 timevis af fantasifuld leg! Hj\u00e6lper udviklingen af \u200bbarnets sociale f\u00e6rdigheder, fantasi og finmotorik, da det er den perfekte st\u00f8rrelse at lege med. De medf\u00f8lgende Teamsterz trykst\u00f8bte k\u00f8ret\u00f8jer er cirka 7 cm og har en et st\u00f8bt karosseri i h\u00f8j kvalitet og frit bev\u00e6gelige hjul. Velegnet til alderen 3+.<\/p>\n","protected":false},"excerpt":{"rendered":"<p>Teamsterz 5 Level Tower Garage inkl 5 biler<\/p>\n","protected":false},"featured_media":0,"template":"","meta":{"content-type":"","_monsterinsights_skip_tracking":false,"_monsterinsights_sitenote_active":false,"_monsterinsights_sitenote_note":"","_monsterinsights_sitenote_category":0},"product_brand":[],"product_cat":[1615],"product_tag":[],"brand":[],"target-group":[],"discontinued":[],"class_list":{"0":"post-216444","1":"product","2":"type-product","3":"status-archive","5":"product_cat-teamsterz-legetoej","7":"first","8":"outofstock","9":"taxable","10":"shipping-taxable","11":"product-type-simple"},"aioseo_notices":[],"_links":{"self":[{"href":"https:\/\/games.tactic.net\/da\/wp-json\/wp\/v2\/product\/216444","targetHints":{"allow":["GET"]}}],"collection":[{"href":"https:\/\/games.tactic.net\/da\/wp-json\/wp\/v2\/product"}],"about":[{"href":"https:\/\/games.tactic.net\/da\/wp-json\/wp\/v2\/types\/product"}],"wp:attachment":[{"href":"https:\/\/games.tactic.net\/da\/wp-json\/wp\/v2\/media?parent=216444"}],"wp:term":[{"taxonomy":"product_brand","embeddable":true,"href":"https:\/\/games.tactic.net\/da\/wp-json\/wp\/v2\/product_brand?post=216444"},{"taxonomy":"product_cat","embeddable":true,"href":"https:\/\/games.tactic.net\/da\/wp-json\/wp\/v2\/product_cat?post=216444"},{"taxonomy":"product_tag","embeddable":true,"href":"https:\/\/games.tactic.net\/da\/wp-json\/wp\/v2\/product_tag?post=216444"},{"taxonomy":"brand","embeddable":true,"href":"https:\/\/games.tactic.net\/da\/wp-json\/wp\/v2\/brand?post=216444"},{"taxonomy":"target-group","embeddable":true,"href":"https:\/\/games.tactic.net\/da\/wp-json\/wp\/v2\/target-group?post=216444"},{"taxonomy":"discontinued","embeddable":true,"href":"https:\/\/games.tactic.net\/da\/wp-json\/wp\/v2\/discontinued?post=216444"}],"curies":[{"name":"wp","href":"https:\/\/api.w.org\/{rel}","templated":true}]}}