{"id":216145,"date":"2021-10-26T08:35:42","date_gmt":"2021-10-26T05:35:42","guid":{"rendered":"http:\/\/dev.tactic.net\/tuote\/fire-engine-light-and-sound-large\/"},"modified":"2025-01-16T10:04:00","modified_gmt":"2025-01-16T08:04:00","slug":"fire-engine-light-and-sound-large","status":"archive","type":"product","link":"https:\/\/games.tactic.net\/da\/tuote\/fire-engine-light-and-sound-large\/","title":{"rendered":"Teamsterz Large Fire Engine with LS toy"},"content":{"rendered":"<p>Denne brandbil har sp\u00e6ndende bl\u00e5 blinklys og sirenelyde, forlygter og motorlyde. Du er nu klar til at rykke afsted med udrykning og hj\u00e6lpe hvor der er opst\u00e5et en brandn\u00f8dsituation. \u00c5bn siderummet for at aktivere flere lyde og lys. H\u00e6v stigen, tr\u00e6k  den ud og drej den 360\u00b0, ret brandslangens mundstykke ud for at foregive at slukke flammen &#8211; ligesom en virkelig brandbil. Dette er fantastisk for barnets kognitive udvikling p\u00e5 grund af lys og lyde, da det g\u00f8r det muligt for barnet at l\u00e6re ved at interagere med k\u00f8ret\u00f8jet, derfor vil de v\u00e6re i stand til at forst\u00e5, hvad en brandbil er, og hvad de skal bruges til. Kr\u00e6ver 3 x AAA-batterier (medf\u00f8lger). Velegnet til 3 \u00e5r og derover.<\/p>\n","protected":false},"excerpt":{"rendered":"<p>Teamsterz Mighty Machines Large Brandbil med lys og lyd<\/p>\n","protected":false},"featured_media":0,"template":"","meta":{"content-type":"","_monsterinsights_skip_tracking":false,"_monsterinsights_sitenote_active":false,"_monsterinsights_sitenote_note":"","_monsterinsights_sitenote_category":0},"product_brand":[],"product_cat":[1615],"product_tag":[],"brand":[],"target-group":[],"discontinued":[],"class_list":{"0":"post-216145","1":"product","2":"type-product","3":"status-archive","5":"product_cat-teamsterz-legetoej","7":"first","8":"outofstock","9":"taxable","10":"shipping-taxable","11":"product-type-simple"},"aioseo_notices":[],"_links":{"self":[{"href":"https:\/\/games.tactic.net\/da\/wp-json\/wp\/v2\/product\/216145","targetHints":{"allow":["GET"]}}],"collection":[{"href":"https:\/\/games.tactic.net\/da\/wp-json\/wp\/v2\/product"}],"about":[{"href":"https:\/\/games.tactic.net\/da\/wp-json\/wp\/v2\/types\/product"}],"wp:attachment":[{"href":"https:\/\/games.tactic.net\/da\/wp-json\/wp\/v2\/media?parent=216145"}],"wp:term":[{"taxonomy":"product_brand","embeddable":true,"href":"https:\/\/games.tactic.net\/da\/wp-json\/wp\/v2\/product_brand?post=216145"},{"taxonomy":"product_cat","embeddable":true,"href":"https:\/\/games.tactic.net\/da\/wp-json\/wp\/v2\/product_cat?post=216145"},{"taxonomy":"product_tag","embeddable":true,"href":"https:\/\/games.tactic.net\/da\/wp-json\/wp\/v2\/product_tag?post=216145"},{"taxonomy":"brand","embeddable":true,"href":"https:\/\/games.tactic.net\/da\/wp-json\/wp\/v2\/brand?post=216145"},{"taxonomy":"target-group","embeddable":true,"href":"https:\/\/games.tactic.net\/da\/wp-json\/wp\/v2\/target-group?post=216145"},{"taxonomy":"discontinued","embeddable":true,"href":"https:\/\/games.tactic.net\/da\/wp-json\/wp\/v2\/discontinued?post=216145"}],"curies":[{"name":"wp","href":"https:\/\/api.w.org\/{rel}","templated":true}]}}