{"id":216116,"date":"2021-10-26T08:35:14","date_gmt":"2021-10-26T05:35:14","guid":{"rendered":"http:\/\/dev.tactic.net\/tuote\/fire-helicopter-light-and-sound-large\/"},"modified":"2025-01-29T10:58:46","modified_gmt":"2025-01-29T08:58:46","slug":"fire-helicopter-light-and-sound-large","status":"archive","type":"product","link":"https:\/\/games.tactic.net\/da\/tuote\/fire-helicopter-light-and-sound-large\/","title":{"rendered":"Teamsterz Mighty Machines Large Fire Helicopter with LS toy"},"content":{"rendered":"<p>S\u00e6t farten op med redningsaktionen med Teamsterz Light and Sound Fire Helicopter! Helikopteren har uafh\u00e6ngige, frit bev\u00e6gelige rotorblade, en skyded\u00f8r og en manuelt betjent vandpistol. Med bl\u00e5 blinkende lys, n\u00f8dsirener og realistiske helikopterlyde. Den perfekte st\u00f8rrelse til Push Along. Hj\u00e6lper med at fremme udviklingen af kognitive og motoriske f\u00e6rdigheder. Inkluderer 3 x AAA-batterier. Velegnet til b\u00f8rn fra 3 \u00e5r og op.<\/p>\n","protected":false},"excerpt":{"rendered":"<p>Teamsterz Mighty Machines Large Brand redningshelikopter med lys og lyd<\/p>\n","protected":false},"featured_media":0,"template":"","meta":{"content-type":"","_monsterinsights_skip_tracking":false,"_monsterinsights_sitenote_active":false,"_monsterinsights_sitenote_note":"","_monsterinsights_sitenote_category":0},"product_brand":[],"product_cat":[1615],"product_tag":[],"brand":[],"target-group":[],"discontinued":[],"class_list":{"0":"post-216116","1":"product","2":"type-product","3":"status-archive","5":"product_cat-teamsterz-legetoej","7":"first","8":"outofstock","9":"taxable","10":"shipping-taxable","11":"product-type-simple"},"aioseo_notices":[],"_links":{"self":[{"href":"https:\/\/games.tactic.net\/da\/wp-json\/wp\/v2\/product\/216116","targetHints":{"allow":["GET"]}}],"collection":[{"href":"https:\/\/games.tactic.net\/da\/wp-json\/wp\/v2\/product"}],"about":[{"href":"https:\/\/games.tactic.net\/da\/wp-json\/wp\/v2\/types\/product"}],"wp:attachment":[{"href":"https:\/\/games.tactic.net\/da\/wp-json\/wp\/v2\/media?parent=216116"}],"wp:term":[{"taxonomy":"product_brand","embeddable":true,"href":"https:\/\/games.tactic.net\/da\/wp-json\/wp\/v2\/product_brand?post=216116"},{"taxonomy":"product_cat","embeddable":true,"href":"https:\/\/games.tactic.net\/da\/wp-json\/wp\/v2\/product_cat?post=216116"},{"taxonomy":"product_tag","embeddable":true,"href":"https:\/\/games.tactic.net\/da\/wp-json\/wp\/v2\/product_tag?post=216116"},{"taxonomy":"brand","embeddable":true,"href":"https:\/\/games.tactic.net\/da\/wp-json\/wp\/v2\/brand?post=216116"},{"taxonomy":"target-group","embeddable":true,"href":"https:\/\/games.tactic.net\/da\/wp-json\/wp\/v2\/target-group?post=216116"},{"taxonomy":"discontinued","embeddable":true,"href":"https:\/\/games.tactic.net\/da\/wp-json\/wp\/v2\/discontinued?post=216116"}],"curies":[{"name":"wp","href":"https:\/\/api.w.org\/{rel}","templated":true}]}}